{"id":96,"date":"2023-08-20T21:02:05","date_gmt":"2023-08-21T02:02:05","guid":{"rendered":"https:\/\/panakobeconsulate.jp\/?page_id=96"},"modified":"2023-10-16T13:22:01","modified_gmt":"2023-10-16T18:22:01","slug":"tourism","status":"publish","type":"page","link":"https:\/\/panakobeconsulate.jp\/es\/tourism\/","title":{"rendered":"Turismo"},"content":{"rendered":"<div data-elementor-type=\"wp-page\" data-elementor-id=\"96\" class=\"elementor elementor-96\" data-elementor-post-type=\"page\">\n\t\t\t\t\t\t<section class=\"elementor-section elementor-top-section elementor-element elementor-element-c879400 elementor-section-boxed elementor-section-height-default elementor-section-height-default\" data-id=\"c879400\" data-element_type=\"section\" data-e-type=\"section\">\n\t\t\t\t\t\t<div class=\"elementor-container elementor-column-gap-default\">\n\t\t\t\t\t<div class=\"elementor-column elementor-col-50 elementor-top-column elementor-element elementor-element-999a78e\" data-id=\"999a78e\" data-element_type=\"column\" data-e-type=\"column\">\n\t\t\t<div class=\"elementor-widget-wrap elementor-element-populated\">\n\t\t\t\t\t\t<div class=\"elementor-element elementor-element-9234879 elementor-widget elementor-widget-spacer\" data-id=\"9234879\" data-element_type=\"widget\" data-e-type=\"widget\" data-widget_type=\"spacer.default\">\n\t\t\t\t<div class=\"elementor-widget-container\">\n\t\t\t\t\t\t\t<div class=\"elementor-spacer\">\n\t\t\t<div class=\"elementor-spacer-inner\"><\/div>\n\t\t<\/div>\n\t\t\t\t\t\t<\/div>\n\t\t\t\t<\/div>\n\t\t\t\t<div class=\"elementor-element elementor-element-a1d0e19 elementor-widget elementor-widget-heading\" data-id=\"a1d0e19\" data-element_type=\"widget\" data-e-type=\"widget\" data-widget_type=\"heading.default\">\n\t\t\t\t<div class=\"elementor-widget-container\">\n\t\t\t\t\t<h2 class=\"elementor-heading-title elementor-size-default\">Turismo<\/h2>\t\t\t\t<\/div>\n\t\t\t\t<\/div>\n\t\t\t\t<div class=\"elementor-element elementor-element-0c10be7 elementor-widget elementor-widget-text-editor\" data-id=\"0c10be7\" data-element_type=\"widget\" data-e-type=\"widget\" data-widget_type=\"text-editor.default\">\n\t\t\t\t<div class=\"elementor-widget-container\">\n\t\t\t\t\t\t\t\t\t<p>La ubicaci\u00f3n \u00fanica y la historia de Panam\u00e1 brindan una experiencia incre\u00edble para los viajeros.<\/p><p>Tenemos el don de contar con una amplia gama de bosques tropicales, un desierto y playas impresionantes en ambas costas, el Caribe y el Pac\u00edfico, todo a poca distancia en autom\u00f3vil de una ciudad cosmopolita.<\/p><p>Para m\u00e1s informaci\u00f3n sobre lugares para visitar, actividades, regiones y diferentes atractivos por favor ingrese al siguiente sitio web:<\/p><p><a href=\"https:\/\/www.tourismpanama.com\/\">https:\/\/www.tourismpanama.com\/<\/a><\/p><p>No olvides compartir tu experiencia en Panam\u00e1 usando el siguiente hashtag en tus redes sociales:<\/p><p>#VisitaPanam\u00e1<\/p>\t\t\t\t\t\t\t\t<\/div>\n\t\t\t\t<\/div>\n\t\t\t\t\t<\/div>\n\t\t<\/div>\n\t\t\t\t<div class=\"elementor-column elementor-col-50 elementor-top-column elementor-element elementor-element-3554943\" data-id=\"3554943\" data-element_type=\"column\" data-e-type=\"column\">\n\t\t\t<div class=\"elementor-widget-wrap elementor-element-populated\">\n\t\t\t\t\t\t<div class=\"elementor-element elementor-element-233f680 elementor-arrows-position-inside elementor-pagination-position-outside elementor-widget elementor-widget-image-carousel\" data-id=\"233f680\" data-element_type=\"widget\" data-e-type=\"widget\" data-settings=\"{&quot;slides_to_show&quot;:&quot;1&quot;,&quot;navigation&quot;:&quot;both&quot;,&quot;autoplay&quot;:&quot;yes&quot;,&quot;pause_on_hover&quot;:&quot;yes&quot;,&quot;pause_on_interaction&quot;:&quot;yes&quot;,&quot;autoplay_speed&quot;:5000,&quot;infinite&quot;:&quot;yes&quot;,&quot;effect&quot;:&quot;slide&quot;,&quot;speed&quot;:500}\" data-widget_type=\"image-carousel.default\">\n\t\t\t\t<div class=\"elementor-widget-container\">\n\t\t\t\t\t\t\t<div class=\"elementor-image-carousel-wrapper swiper\" role=\"region\" aria-roledescription=\"carousel\" aria-label=\"Carrusel de im\u00e1genes\" dir=\"ltr\">\n\t\t\t<div class=\"elementor-image-carousel swiper-wrapper\" aria-live=\"off\">\n\t\t\t\t\t\t\t\t<div class=\"swiper-slide\" role=\"group\" aria-roledescription=\"slide\" aria-label=\"1 de 2\" data-no-translation-aria-label=\"\"><figure class=\"swiper-slide-inner\"><img decoding=\"async\" class=\"swiper-slide-image\" src=\"https:\/\/panakobeconsulate.jp\/wp-content\/uploads\/2023\/10\/PANAMA-JAPON_Poster15_CUR.jpg\" alt=\"PANAMA-JAPON_Poster15_CUR\" \/><\/figure><\/div><div class=\"swiper-slide\" role=\"group\" aria-roledescription=\"slide\" aria-label=\"2 de 2\" data-no-translation-aria-label=\"\"><figure class=\"swiper-slide-inner\"><img decoding=\"async\" class=\"swiper-slide-image\" src=\"https:\/\/panakobeconsulate.jp\/wp-content\/uploads\/2023\/10\/PANAMA-JAPON_Poster16.jpg\" alt=\"PANAMA-JAPON_Poster16\" \/><\/figure><\/div>\t\t\t<\/div>\n\t\t\t\t\t\t\t\t\t\t\t\t<div class=\"elementor-swiper-button elementor-swiper-button-prev\" role=\"button\" tabindex=\"0\">\n\t\t\t\t\t\t<i aria-hidden=\"true\" class=\"eicon-chevron-left\"><\/i>\t\t\t\t\t<\/div>\n\t\t\t\t\t<div class=\"elementor-swiper-button elementor-swiper-button-next\" role=\"button\" tabindex=\"0\">\n\t\t\t\t\t\t<i aria-hidden=\"true\" class=\"eicon-chevron-right\"><\/i>\t\t\t\t\t<\/div>\n\t\t\t\t\n\t\t\t\t\t\t\t\t\t<div class=\"swiper-pagination\"><\/div>\n\t\t\t\t\t\t\t\t\t<\/div>\n\t\t\t\t\t\t<\/div>\n\t\t\t\t<\/div>\n\t\t\t\t\t<\/div>\n\t\t<\/div>\n\t\t\t\t\t<\/div>\n\t\t<\/section>\n\t\t\t\t<\/div>","protected":false},"excerpt":{"rendered":"<p>Turismo La ubicaci\u00f3n y la historia \u00fanicas de Panam\u00e1 brindan una experiencia incre\u00edble para los viajeros. Tenemos el privilegio de contar con una amplia variedad de selvas tropicales, un desierto y playas impresionantes en ambas costas, el Caribe y el Pac\u00edfico, todo a poca distancia en autom\u00f3vil de una ciudad cosmopolita. Para obtener m\u00e1s informaci\u00f3n sobre lugares para visitar, actividades, regiones y [\u2026]<\/p>","protected":false},"author":1,"featured_media":0,"parent":0,"menu_order":0,"comment_status":"closed","ping_status":"closed","template":"","meta":{"_uf_show_specific_survey":0,"_uf_disable_surveys":false,"site-sidebar-layout":"no-sidebar","site-content-layout":"","ast-site-content-layout":"full-width-container","site-content-style":"default","site-sidebar-style":"default","ast-global-header-display":"","ast-banner-title-visibility":"","ast-main-header-display":"","ast-hfb-above-header-display":"","ast-hfb-below-header-display":"","ast-hfb-mobile-header-display":"","site-post-title":"disabled","ast-breadcrumbs-content":"","ast-featured-img":"disabled","footer-sml-layout":"","ast-disable-related-posts":"","theme-transparent-header-meta":"","adv-header-id-meta":"","stick-header-meta":"","header-above-stick-meta":"","header-main-stick-meta":"","header-below-stick-meta":"","astra-migrate-meta-layouts":"default","ast-page-background-enabled":"default","ast-page-background-meta":{"desktop":{"background-color":"var(--ast-global-color-4)","background-image":"","background-repeat":"repeat","background-position":"center center","background-size":"auto","background-attachment":"scroll","background-type":"","background-media":"","overlay-type":"","overlay-color":"","overlay-opacity":"","overlay-gradient":""},"tablet":{"background-color":"","background-image":"","background-repeat":"repeat","background-position":"center center","background-size":"auto","background-attachment":"scroll","background-type":"","background-media":"","overlay-type":"","overlay-color":"","overlay-opacity":"","overlay-gradient":""},"mobile":{"background-color":"","background-image":"","background-repeat":"repeat","background-position":"center center","background-size":"auto","background-attachment":"scroll","background-type":"","background-media":"","overlay-type":"","overlay-color":"","overlay-opacity":"","overlay-gradient":""}},"ast-content-background-meta":{"desktop":{"background-color":"var(--ast-global-color-5)","background-image":"","background-repeat":"repeat","background-position":"center center","background-size":"auto","background-attachment":"scroll","background-type":"","background-media":"","overlay-type":"","overlay-color":"","overlay-opacity":"","overlay-gradient":""},"tablet":{"background-color":"var(--ast-global-color-5)","background-image":"","background-repeat":"repeat","background-position":"center center","background-size":"auto","background-attachment":"scroll","background-type":"","background-media":"","overlay-type":"","overlay-color":"","overlay-opacity":"","overlay-gradient":""},"mobile":{"background-color":"var(--ast-global-color-5)","background-image":"","background-repeat":"repeat","background-position":"center center","background-size":"auto","background-attachment":"scroll","background-type":"","background-media":"","overlay-type":"","overlay-color":"","overlay-opacity":"","overlay-gradient":""}},"footnotes":""},"class_list":["post-96","page","type-page","status-publish","hentry"],"yoast_head":"<!-- This site is optimized with the Yoast SEO Premium plugin v26.5 (Yoast SEO v26.5) - https:\/\/yoast.com\/wordpress\/plugins\/seo\/ -->\n<title>Tourism - Consulado General de Panama en Kobe, Jap\u00f3n<\/title>\n<meta name=\"robots\" content=\"index, follow, max-snippet:-1, max-image-preview:large, max-video-preview:-1\" \/>\n<link rel=\"canonical\" href=\"https:\/\/panakobeconsulate.jp\/es\/tourism\/\" \/>\n<meta property=\"og:locale\" content=\"es_ES\" \/>\n<meta property=\"og:type\" content=\"article\" \/>\n<meta property=\"og:title\" content=\"Tourism\" \/>\n<meta property=\"og:description\" content=\"Tourism The unique location and history of Panama provides an amazing experience for travelers. We are gifted with having a wide range of rainforests, a desert, and breathtaking beaches on both coastlines, the Caribbean and the Pacific, all within driving distance of a cosmopolitan city. For more information about places to visit, activities, regions and [&hellip;]\" \/>\n<meta property=\"og:url\" content=\"https:\/\/panakobeconsulate.jp\/es\/tourism\/\" \/>\n<meta property=\"og:site_name\" content=\"Consulado General de Panama en Kobe, Jap\u00f3n\" \/>\n<meta property=\"article:modified_time\" content=\"2023-10-16T18:22:01+00:00\" \/>\n<meta property=\"og:image\" content=\"https:\/\/panakobeconsulate.jp\/wp-content\/uploads\/2023\/10\/PANAMA-JAPON_Poster15_CUR.jpg\" \/>\n<meta name=\"twitter:card\" content=\"summary_large_image\" \/>\n<script type=\"application\/ld+json\" class=\"yoast-schema-graph\">{\"@context\":\"https:\/\/schema.org\",\"@graph\":[{\"@type\":\"WebPage\",\"@id\":\"https:\/\/panakobeconsulate.jp\/ja\/tourism\/\",\"url\":\"https:\/\/panakobeconsulate.jp\/ja\/tourism\/\",\"name\":\"Tourism - Consulado General de Panama en Kobe, Jap\u00f3n\",\"isPartOf\":{\"@id\":\"https:\/\/panakobeconsulate.jp\/ja\/#website\"},\"primaryImageOfPage\":{\"@id\":\"https:\/\/panakobeconsulate.jp\/ja\/tourism\/#primaryimage\"},\"image\":{\"@id\":\"https:\/\/panakobeconsulate.jp\/ja\/tourism\/#primaryimage\"},\"thumbnailUrl\":\"https:\/\/panakobeconsulate.jp\/wp-content\/uploads\/2023\/10\/PANAMA-JAPON_Poster15_CUR.jpg\",\"datePublished\":\"2023-08-21T02:02:05+00:00\",\"dateModified\":\"2023-10-16T18:22:01+00:00\",\"breadcrumb\":{\"@id\":\"https:\/\/panakobeconsulate.jp\/ja\/tourism\/#breadcrumb\"},\"inLanguage\":\"es\",\"potentialAction\":[{\"@type\":\"ReadAction\",\"target\":[\"https:\/\/panakobeconsulate.jp\/ja\/tourism\/\"]}]},{\"@type\":\"ImageObject\",\"inLanguage\":\"es\",\"@id\":\"https:\/\/panakobeconsulate.jp\/ja\/tourism\/#primaryimage\",\"url\":\"https:\/\/panakobeconsulate.jp\/wp-content\/uploads\/2023\/10\/PANAMA-JAPON_Poster15_CUR.jpg\",\"contentUrl\":\"https:\/\/panakobeconsulate.jp\/wp-content\/uploads\/2023\/10\/PANAMA-JAPON_Poster15_CUR.jpg\"},{\"@type\":\"BreadcrumbList\",\"@id\":\"https:\/\/panakobeconsulate.jp\/ja\/tourism\/#breadcrumb\",\"itemListElement\":[{\"@type\":\"ListItem\",\"position\":1,\"name\":\"Portada\",\"item\":\"https:\/\/panakobeconsulate.jp\/ja\/\"},{\"@type\":\"ListItem\",\"position\":2,\"name\":\"Tourism\"}]},{\"@type\":\"WebSite\",\"@id\":\"https:\/\/panakobeconsulate.jp\/ja\/#website\",\"url\":\"https:\/\/panakobeconsulate.jp\/ja\/\",\"name\":\"Consulado General de Panama en Kobe, Jap\u00f3n\",\"description\":\"Consulado Panama\",\"publisher\":{\"@id\":\"https:\/\/panakobeconsulate.jp\/ja\/#organization\"},\"potentialAction\":[{\"@type\":\"SearchAction\",\"target\":{\"@type\":\"EntryPoint\",\"urlTemplate\":\"https:\/\/panakobeconsulate.jp\/ja\/?s={search_term_string}\"},\"query-input\":{\"@type\":\"PropertyValueSpecification\",\"valueRequired\":true,\"valueName\":\"search_term_string\"}}],\"inLanguage\":\"es\"},{\"@type\":\"Organization\",\"@id\":\"https:\/\/panakobeconsulate.jp\/ja\/#organization\",\"name\":\"Consulado General de Panama en Kobe, Jap\u00f3n\",\"url\":\"https:\/\/panakobeconsulate.jp\/ja\/\",\"logo\":{\"@type\":\"ImageObject\",\"inLanguage\":\"es\",\"@id\":\"https:\/\/panakobeconsulate.jp\/ja\/#\/schema\/logo\/image\/\",\"url\":\"https:\/\/panakobeconsulate.jp\/wp-content\/uploads\/2023\/08\/LOGO-MINREX-150.png\",\"contentUrl\":\"https:\/\/panakobeconsulate.jp\/wp-content\/uploads\/2023\/08\/LOGO-MINREX-150.png\",\"width\":518,\"height\":150,\"caption\":\"Consulado General de Panama en Kobe, Jap\u00f3n\"},\"image\":{\"@id\":\"https:\/\/panakobeconsulate.jp\/ja\/#\/schema\/logo\/image\/\"}}]}<\/script>\n<!-- \/ Yoast SEO Premium plugin. -->","yoast_head_json":{"title":"Tourism - Consulado General de Panama en Kobe, Jap\u00f3n","robots":{"index":"index","follow":"follow","max-snippet":"max-snippet:-1","max-image-preview":"max-image-preview:large","max-video-preview":"max-video-preview:-1"},"canonical":"https:\/\/panakobeconsulate.jp\/es\/tourism\/","og_locale":"es_ES","og_type":"article","og_title":"Tourism","og_description":"Tourism The unique location and history of Panama provides an amazing experience for travelers. We are gifted with having a wide range of rainforests, a desert, and breathtaking beaches on both coastlines, the Caribbean and the Pacific, all within driving distance of a cosmopolitan city. For more information about places to visit, activities, regions and [&hellip;]","og_url":"https:\/\/panakobeconsulate.jp\/es\/tourism\/","og_site_name":"Consulado General de Panama en Kobe, Jap\u00f3n","article_modified_time":"2023-10-16T18:22:01+00:00","og_image":[{"url":"https:\/\/panakobeconsulate.jp\/wp-content\/uploads\/2023\/10\/PANAMA-JAPON_Poster15_CUR.jpg","type":"","width":"","height":""}],"twitter_card":"summary_large_image","schema":{"@context":"https:\/\/schema.org","@graph":[{"@type":"WebPage","@id":"https:\/\/panakobeconsulate.jp\/ja\/tourism\/","url":"https:\/\/panakobeconsulate.jp\/ja\/tourism\/","name":"Tourism - Consulado General de Panama en Kobe, Jap\u00f3n","isPartOf":{"@id":"https:\/\/panakobeconsulate.jp\/ja\/#website"},"primaryImageOfPage":{"@id":"https:\/\/panakobeconsulate.jp\/ja\/tourism\/#primaryimage"},"image":{"@id":"https:\/\/panakobeconsulate.jp\/ja\/tourism\/#primaryimage"},"thumbnailUrl":"https:\/\/panakobeconsulate.jp\/wp-content\/uploads\/2023\/10\/PANAMA-JAPON_Poster15_CUR.jpg","datePublished":"2023-08-21T02:02:05+00:00","dateModified":"2023-10-16T18:22:01+00:00","breadcrumb":{"@id":"https:\/\/panakobeconsulate.jp\/ja\/tourism\/#breadcrumb"},"inLanguage":"es","potentialAction":[{"@type":"ReadAction","target":["https:\/\/panakobeconsulate.jp\/ja\/tourism\/"]}]},{"@type":"ImageObject","inLanguage":"es","@id":"https:\/\/panakobeconsulate.jp\/ja\/tourism\/#primaryimage","url":"https:\/\/panakobeconsulate.jp\/wp-content\/uploads\/2023\/10\/PANAMA-JAPON_Poster15_CUR.jpg","contentUrl":"https:\/\/panakobeconsulate.jp\/wp-content\/uploads\/2023\/10\/PANAMA-JAPON_Poster15_CUR.jpg"},{"@type":"BreadcrumbList","@id":"https:\/\/panakobeconsulate.jp\/ja\/tourism\/#breadcrumb","itemListElement":[{"@type":"ListItem","position":1,"name":"Portada","item":"https:\/\/panakobeconsulate.jp\/ja\/"},{"@type":"ListItem","position":2,"name":"Tourism"}]},{"@type":"WebSite","@id":"https:\/\/panakobeconsulate.jp\/ja\/#website","url":"https:\/\/panakobeconsulate.jp\/ja\/","name":"Consulado General de Panama en Kobe, Jap\u00f3n","description":"Consulado Panama","publisher":{"@id":"https:\/\/panakobeconsulate.jp\/ja\/#organization"},"potentialAction":[{"@type":"SearchAction","target":{"@type":"EntryPoint","urlTemplate":"https:\/\/panakobeconsulate.jp\/ja\/?s={search_term_string}"},"query-input":{"@type":"PropertyValueSpecification","valueRequired":true,"valueName":"search_term_string"}}],"inLanguage":"es"},{"@type":"Organization","@id":"https:\/\/panakobeconsulate.jp\/ja\/#organization","name":"Consulado General de Panama en Kobe, Jap\u00f3n","url":"https:\/\/panakobeconsulate.jp\/ja\/","logo":{"@type":"ImageObject","inLanguage":"es","@id":"https:\/\/panakobeconsulate.jp\/ja\/#\/schema\/logo\/image\/","url":"https:\/\/panakobeconsulate.jp\/wp-content\/uploads\/2023\/08\/LOGO-MINREX-150.png","contentUrl":"https:\/\/panakobeconsulate.jp\/wp-content\/uploads\/2023\/08\/LOGO-MINREX-150.png","width":518,"height":150,"caption":"Consulado General de Panama en Kobe, Jap\u00f3n"},"image":{"@id":"https:\/\/panakobeconsulate.jp\/ja\/#\/schema\/logo\/image\/"}}]}},"_links":{"self":[{"href":"https:\/\/panakobeconsulate.jp\/es\/wp-json\/wp\/v2\/pages\/96","targetHints":{"allow":["GET"]}}],"collection":[{"href":"https:\/\/panakobeconsulate.jp\/es\/wp-json\/wp\/v2\/pages"}],"about":[{"href":"https:\/\/panakobeconsulate.jp\/es\/wp-json\/wp\/v2\/types\/page"}],"author":[{"embeddable":true,"href":"https:\/\/panakobeconsulate.jp\/es\/wp-json\/wp\/v2\/users\/1"}],"replies":[{"embeddable":true,"href":"https:\/\/panakobeconsulate.jp\/es\/wp-json\/wp\/v2\/comments?post=96"}],"version-history":[{"count":4,"href":"https:\/\/panakobeconsulate.jp\/es\/wp-json\/wp\/v2\/pages\/96\/revisions"}],"predecessor-version":[{"id":2138,"href":"https:\/\/panakobeconsulate.jp\/es\/wp-json\/wp\/v2\/pages\/96\/revisions\/2138"}],"wp:attachment":[{"href":"https:\/\/panakobeconsulate.jp\/es\/wp-json\/wp\/v2\/media?parent=96"}],"curies":[{"name":"wp","href":"https:\/\/api.w.org\/{rel}","templated":true}]}}