{"id":48,"date":"2023-08-21T00:18:32","date_gmt":"2023-08-21T00:18:32","guid":{"rendered":"https:\/\/panakobeconsulate.jp\/?page_id=48"},"modified":"2023-09-26T16:45:39","modified_gmt":"2023-09-26T21:45:39","slug":"government-and-politics","status":"publish","type":"page","link":"https:\/\/panakobeconsulate.jp\/es\/government-and-politics\/","title":{"rendered":"Gobierno y pol\u00edticas"},"content":{"rendered":"<div data-elementor-type=\"wp-page\" data-elementor-id=\"48\" class=\"elementor elementor-48\" data-elementor-post-type=\"page\">\n\t\t\t\t\t\t<section class=\"elementor-section elementor-top-section elementor-element elementor-element-3471cc6 elementor-section-boxed elementor-section-height-default elementor-section-height-default\" data-id=\"3471cc6\" data-element_type=\"section\" data-e-type=\"section\">\n\t\t\t\t\t\t<div class=\"elementor-container elementor-column-gap-default\">\n\t\t\t\t\t<div class=\"elementor-column elementor-col-50 elementor-top-column elementor-element elementor-element-2a5ae10\" data-id=\"2a5ae10\" data-element_type=\"column\" data-e-type=\"column\">\n\t\t\t<div class=\"elementor-widget-wrap elementor-element-populated\">\n\t\t\t\t\t\t<div class=\"elementor-element elementor-element-dfc9d27 elementor-widget elementor-widget-spacer\" data-id=\"dfc9d27\" data-element_type=\"widget\" data-e-type=\"widget\" data-widget_type=\"spacer.default\">\n\t\t\t\t<div class=\"elementor-widget-container\">\n\t\t\t\t\t\t\t<div class=\"elementor-spacer\">\n\t\t\t<div class=\"elementor-spacer-inner\"><\/div>\n\t\t<\/div>\n\t\t\t\t\t\t<\/div>\n\t\t\t\t<\/div>\n\t\t\t\t<div class=\"elementor-element elementor-element-123aa39 elementor-invisible elementor-widget elementor-widget-heading\" data-id=\"123aa39\" data-element_type=\"widget\" data-e-type=\"widget\" data-settings=\"{&quot;_animation&quot;:&quot;fadeInDown&quot;}\" data-widget_type=\"heading.default\">\n\t\t\t\t<div class=\"elementor-widget-container\">\n\t\t\t\t\t<h2 class=\"elementor-heading-title elementor-size-default\">Gobierno y pol\u00edticas<\/h2>\t\t\t\t<\/div>\n\t\t\t\t<\/div>\n\t\t\t\t<div class=\"elementor-element elementor-element-6f9defe elementor-widget__width-initial elementor-invisible elementor-widget elementor-widget-text-editor\" data-id=\"6f9defe\" data-element_type=\"widget\" data-e-type=\"widget\" data-settings=\"{&quot;_animation&quot;:&quot;fadeInUp&quot;}\" data-widget_type=\"text-editor.default\">\n\t\t\t\t<div class=\"elementor-widget-container\">\n\t\t\t\t\t\t\t\t\t<p><strong>La Rep\u00fablica de Panam\u00e1 tiene tres poderes establecidos por la Constituci\u00f3n: <\/strong><\/p>\t\t\t\t\t\t\t\t<\/div>\n\t\t\t\t<\/div>\n\t\t\t\t<div class=\"elementor-element elementor-element-97da5cf animated-slow elementor-align-start elementor-icon-list--layout-traditional elementor-list-item-link-full_width elementor-invisible elementor-widget elementor-widget-icon-list\" data-id=\"97da5cf\" data-element_type=\"widget\" data-e-type=\"widget\" data-settings=\"{&quot;_animation&quot;:&quot;fadeIn&quot;}\" data-widget_type=\"icon-list.default\">\n\t\t\t\t<div class=\"elementor-widget-container\">\n\t\t\t\t\t\t\t<ul class=\"elementor-icon-list-items\">\n\t\t\t\t\t\t\t<li class=\"elementor-icon-list-item\">\n\t\t\t\t\t\t\t\t\t\t\t<span class=\"elementor-icon-list-icon\">\n\t\t\t\t\t\t\t<i aria-hidden=\"true\" class=\"fas fa-check-circle\"><\/i>\t\t\t\t\t\t<\/span>\n\t\t\t\t\t\t\t\t\t\t<span class=\"elementor-icon-list-text\">El Poder Legislativo ejercido por la Asamblea Nacional, cuyos miembros (Diputados) son elegidos cada 5 a\u00f1os a partir de circuitos electorales establecidos por la ley electoral.<\/span>\n\t\t\t\t\t\t\t\t\t<\/li>\n\t\t\t\t\t\t\t\t<li class=\"elementor-icon-list-item\">\n\t\t\t\t\t\t\t\t\t\t\t<span class=\"elementor-icon-list-icon\">\n\t\t\t\t\t\t\t<i aria-hidden=\"true\" class=\"fas fa-check-circle\"><\/i>\t\t\t\t\t\t<\/span>\n\t\t\t\t\t\t\t\t\t\t<span class=\"elementor-icon-list-text\">El Poder Ejecutivo representado por el Presidente de la Rep\u00fablica junto con los Ministerios y organismos descentralizados. El Presidente ser\u00e1 elegido por sufragio universal directo para un per\u00edodo de cinco a\u00f1os, y de la misma manera se elegir\u00e1 el vicepresidente (T\u00edtulo VI, Cap\u00edtulo 1, Constituci\u00f3n Pol\u00edtica de la Rep\u00fablica de Panam\u00e1)<\/span>\n\t\t\t\t\t\t\t\t\t<\/li>\n\t\t\t\t\t\t\t\t<li class=\"elementor-icon-list-item\">\n\t\t\t\t\t\t\t\t\t\t\t<span class=\"elementor-icon-list-icon\">\n\t\t\t\t\t\t\t<i aria-hidden=\"true\" class=\"fas fa-check-circle\"><\/i>\t\t\t\t\t\t<\/span>\n\t\t\t\t\t\t\t\t\t\t<span class=\"elementor-icon-list-text\">El Poder Judicial est\u00e1 representado por la Corte Suprema de Justicia y los tribunales y dependencias judiciales establecidos. La Corte Suprema est\u00e1 formada por nueve magistrados de la Corte Suprema.<\/span>\n\t\t\t\t\t\t\t\t\t<\/li>\n\t\t\t\t\t\t<\/ul>\n\t\t\t\t\t\t<\/div>\n\t\t\t\t<\/div>\n\t\t\t\t<div class=\"elementor-element elementor-element-2e637ab elementor-widget__width-initial elementor-invisible elementor-widget elementor-widget-text-editor\" data-id=\"2e637ab\" data-element_type=\"widget\" data-e-type=\"widget\" data-settings=\"{&quot;_animation&quot;:&quot;fadeInUp&quot;}\" data-widget_type=\"text-editor.default\">\n\t\t\t\t<div class=\"elementor-widget-container\">\n\t\t\t\t\t\t\t\t\t<p><strong>Adem\u00e1s, la Constituci\u00f3n paname\u00f1a establece cuatro principales organizaciones independientes cuyas responsabilidades est\u00e1n claramente definidas:<\/strong><\/p>\t\t\t\t\t\t\t\t<\/div>\n\t\t\t\t<\/div>\n\t\t\t\t<div class=\"elementor-element elementor-element-608515a animated-slow elementor-align-start elementor-icon-list--layout-traditional elementor-list-item-link-full_width elementor-invisible elementor-widget elementor-widget-icon-list\" data-id=\"608515a\" data-element_type=\"widget\" data-e-type=\"widget\" data-settings=\"{&quot;_animation&quot;:&quot;fadeIn&quot;}\" data-widget_type=\"icon-list.default\">\n\t\t\t\t<div class=\"elementor-widget-container\">\n\t\t\t\t\t\t\t<ul class=\"elementor-icon-list-items\">\n\t\t\t\t\t\t\t<li class=\"elementor-icon-list-item\">\n\t\t\t\t\t\t\t\t\t\t\t<span class=\"elementor-icon-list-icon\">\n\t\t\t\t\t\t\t<i aria-hidden=\"true\" class=\"fas fa-check-circle\"><\/i>\t\t\t\t\t\t<\/span>\n\t\t\t\t\t\t\t\t\t\t<span class=\"elementor-icon-list-text\">La Contralor\u00eda General de la Rep\u00fablica tiene la obligaci\u00f3n de fiscalizar los fondos p\u00fablicos.<\/span>\n\t\t\t\t\t\t\t\t\t<\/li>\n\t\t\t\t\t\t\t\t<li class=\"elementor-icon-list-item\">\n\t\t\t\t\t\t\t\t\t\t\t<span class=\"elementor-icon-list-icon\">\n\t\t\t\t\t\t\t<i aria-hidden=\"true\" class=\"fas fa-check-circle\"><\/i>\t\t\t\t\t\t<\/span>\n\t\t\t\t\t\t\t\t\t\t<span class=\"elementor-icon-list-text\">El Tribunal Electoral tiene que garantizar la libertad, honestidad y eficacia del voto popular.<\/span>\n\t\t\t\t\t\t\t\t\t<\/li>\n\t\t\t\t\t\t\t\t<li class=\"elementor-icon-list-item\">\n\t\t\t\t\t\t\t\t\t\t\t<span class=\"elementor-icon-list-icon\">\n\t\t\t\t\t\t\t<i aria-hidden=\"true\" class=\"fas fa-check-circle\"><\/i>\t\t\t\t\t\t<\/span>\n\t\t\t\t\t\t\t\t\t\t<span class=\"elementor-icon-list-text\">El Ministerio P\u00fablico tiene la facultad de representar los intereses del Estado en cualquier proceso judicial.<\/span>\n\t\t\t\t\t\t\t\t\t<\/li>\n\t\t\t\t\t\t\t\t<li class=\"elementor-icon-list-item\">\n\t\t\t\t\t\t\t\t\t\t\t<span class=\"elementor-icon-list-icon\">\n\t\t\t\t\t\t\t<i aria-hidden=\"true\" class=\"fas fa-check-circle\"><\/i>\t\t\t\t\t\t<\/span>\n\t\t\t\t\t\t\t\t\t\t<span class=\"elementor-icon-list-text\">La Autoridad del Canal de Panam\u00e1 como corporaci\u00f3n creada por la Constituci\u00f3n para operar y administrar el Canal de Panam\u00e1.<\/span>\n\t\t\t\t\t\t\t\t\t<\/li>\n\t\t\t\t\t\t<\/ul>\n\t\t\t\t\t\t<\/div>\n\t\t\t\t<\/div>\n\t\t\t\t\t<\/div>\n\t\t<\/div>\n\t\t\t\t<div class=\"elementor-column elementor-col-50 elementor-top-column elementor-element elementor-element-12c05d4\" data-id=\"12c05d4\" data-element_type=\"column\" data-e-type=\"column\">\n\t\t\t<div class=\"elementor-widget-wrap elementor-element-populated\">\n\t\t\t\t\t\t<div class=\"elementor-element elementor-element-96f31cd elementor-invisible elementor-widget elementor-widget-image\" data-id=\"96f31cd\" data-element_type=\"widget\" data-e-type=\"widget\" data-settings=\"{&quot;_animation&quot;:&quot;fadeIn&quot;}\" data-widget_type=\"image.default\">\n\t\t\t\t<div class=\"elementor-widget-container\">\n\t\t\t\t\t\t\t\t\t\t\t\t\t\t\t<img fetchpriority=\"high\" decoding=\"async\" width=\"525\" height=\"753\" src=\"https:\/\/panakobeconsulate.jp\/wp-content\/uploads\/2023\/09\/Sin-titulo.png\" class=\"attachment-2048x2048 size-2048x2048 wp-image-1833\" alt=\"Government and Politics\" srcset=\"https:\/\/panakobeconsulate.jp\/wp-content\/uploads\/2023\/09\/Sin-titulo.png 525w, https:\/\/panakobeconsulate.jp\/wp-content\/uploads\/2023\/09\/Sin-titulo-209x300.png 209w, https:\/\/panakobeconsulate.jp\/wp-content\/uploads\/2023\/09\/Sin-titulo-8x12.png 8w\" sizes=\"(max-width: 525px) 100vw, 525px\" \/>\t\t\t\t\t\t\t\t\t\t\t\t\t\t\t<\/div>\n\t\t\t\t<\/div>\n\t\t\t\t\t<\/div>\n\t\t<\/div>\n\t\t\t\t\t<\/div>\n\t\t<\/section>\n\t\t\t\t<section class=\"elementor-section elementor-top-section elementor-element elementor-element-2064d7a elementor-section-boxed elementor-section-height-default elementor-section-height-default\" data-id=\"2064d7a\" data-element_type=\"section\" data-e-type=\"section\">\n\t\t\t\t\t\t<div class=\"elementor-container elementor-column-gap-default\">\n\t\t\t\t\t<div class=\"elementor-column elementor-col-100 elementor-top-column elementor-element elementor-element-50a40b5\" data-id=\"50a40b5\" data-element_type=\"column\" data-e-type=\"column\">\n\t\t\t<div class=\"elementor-widget-wrap elementor-element-populated\">\n\t\t\t\t\t\t<div class=\"elementor-element elementor-element-f04bc32 elementor-widget elementor-widget-spacer\" data-id=\"f04bc32\" data-element_type=\"widget\" data-e-type=\"widget\" data-widget_type=\"spacer.default\">\n\t\t\t\t<div class=\"elementor-widget-container\">\n\t\t\t\t\t\t\t<div class=\"elementor-spacer\">\n\t\t\t<div class=\"elementor-spacer-inner\"><\/div>\n\t\t<\/div>\n\t\t\t\t\t\t<\/div>\n\t\t\t\t<\/div>\n\t\t\t\t\t<\/div>\n\t\t<\/div>\n\t\t\t\t\t<\/div>\n\t\t<\/section>\n\t\t\t\t<\/div>","protected":false},"excerpt":{"rendered":"<p>Gobierno y Pol\u00edtica La Rep\u00fablica de Panam\u00e1 cuenta con tres poderes establecidos por la Constituci\u00f3n: El Poder Legislativo ejercido por la Asamblea Nacional, cuyos Diputados son elegidos cada 5 a\u00f1os de los circuitos electorales establecidos por la ley electoral El Poder Ejecutivo encarnado por el Presidente de la Rep\u00fablica junto con los Ministerios y [\u2026]<\/p>","protected":false},"author":1,"featured_media":0,"parent":0,"menu_order":0,"comment_status":"closed","ping_status":"closed","template":"","meta":{"_uf_show_specific_survey":0,"_uf_disable_surveys":false,"site-sidebar-layout":"no-sidebar","site-content-layout":"","ast-site-content-layout":"full-width-container","site-content-style":"default","site-sidebar-style":"default","ast-global-header-display":"","ast-banner-title-visibility":"","ast-main-header-display":"","ast-hfb-above-header-display":"","ast-hfb-below-header-display":"","ast-hfb-mobile-header-display":"","site-post-title":"disabled","ast-breadcrumbs-content":"","ast-featured-img":"disabled","footer-sml-layout":"","ast-disable-related-posts":"","theme-transparent-header-meta":"","adv-header-id-meta":"","stick-header-meta":"","header-above-stick-meta":"","header-main-stick-meta":"","header-below-stick-meta":"","astra-migrate-meta-layouts":"default","ast-page-background-enabled":"default","ast-page-background-meta":{"desktop":{"background-color":"var(--ast-global-color-4)","background-image":"","background-repeat":"repeat","background-position":"center center","background-size":"auto","background-attachment":"scroll","background-type":"","background-media":"","overlay-type":"","overlay-color":"","overlay-opacity":"","overlay-gradient":""},"tablet":{"background-color":"","background-image":"","background-repeat":"repeat","background-position":"center center","background-size":"auto","background-attachment":"scroll","background-type":"","background-media":"","overlay-type":"","overlay-color":"","overlay-opacity":"","overlay-gradient":""},"mobile":{"background-color":"","background-image":"","background-repeat":"repeat","background-position":"center center","background-size":"auto","background-attachment":"scroll","background-type":"","background-media":"","overlay-type":"","overlay-color":"","overlay-opacity":"","overlay-gradient":""}},"ast-content-background-meta":{"desktop":{"background-color":"var(--ast-global-color-5)","background-image":"","background-repeat":"repeat","background-position":"center center","background-size":"auto","background-attachment":"scroll","background-type":"","background-media":"","overlay-type":"","overlay-color":"","overlay-opacity":"","overlay-gradient":""},"tablet":{"background-color":"var(--ast-global-color-5)","background-image":"","background-repeat":"repeat","background-position":"center center","background-size":"auto","background-attachment":"scroll","background-type":"","background-media":"","overlay-type":"","overlay-color":"","overlay-opacity":"","overlay-gradient":""},"mobile":{"background-color":"var(--ast-global-color-5)","background-image":"","background-repeat":"repeat","background-position":"center center","background-size":"auto","background-attachment":"scroll","background-type":"","background-media":"","overlay-type":"","overlay-color":"","overlay-opacity":"","overlay-gradient":""}},"footnotes":""},"class_list":["post-48","page","type-page","status-publish","hentry"],"yoast_head":"<!-- This site is optimized with the Yoast SEO Premium plugin v26.5 (Yoast SEO v26.5) - https:\/\/yoast.com\/wordpress\/plugins\/seo\/ -->\n<title>Government and Politics - Consulado General de Panama en Kobe, Jap\u00f3n<\/title>\n<meta name=\"robots\" content=\"index, follow, max-snippet:-1, max-image-preview:large, max-video-preview:-1\" \/>\n<link rel=\"canonical\" href=\"https:\/\/panakobeconsulate.jp\/es\/government-and-politics\/\" \/>\n<meta property=\"og:locale\" content=\"es_ES\" \/>\n<meta property=\"og:type\" content=\"article\" \/>\n<meta property=\"og:title\" content=\"Government and Politics\" \/>\n<meta property=\"og:description\" content=\"Government and Politics The Republic of Panama has three branches established by the Constitution: The Legislative Branch exercised by the National Assembly, whose members (Diputados in Spanish) are elected every 5 years from electoral circuits established by electoral law The Executive branch embodied by the President of the Republic along with the Ministries offices and [&hellip;]\" \/>\n<meta property=\"og:url\" content=\"https:\/\/panakobeconsulate.jp\/es\/government-and-politics\/\" \/>\n<meta property=\"og:site_name\" content=\"Consulado General de Panama en Kobe, Jap\u00f3n\" \/>\n<meta property=\"article:modified_time\" content=\"2023-09-26T21:45:39+00:00\" \/>\n<meta property=\"og:image\" content=\"https:\/\/panakobeconsulate.jp\/wp-content\/uploads\/2023\/09\/Sin-titulo.png\" \/>\n\t<meta property=\"og:image:width\" content=\"525\" \/>\n\t<meta property=\"og:image:height\" content=\"753\" \/>\n\t<meta property=\"og:image:type\" content=\"image\/png\" \/>\n<meta name=\"twitter:card\" content=\"summary_large_image\" \/>\n<meta name=\"twitter:label1\" content=\"Tiempo de lectura\" \/>\n\t<meta name=\"twitter:data1\" content=\"1 minuto\" \/>\n<script type=\"application\/ld+json\" class=\"yoast-schema-graph\">{\"@context\":\"https:\/\/schema.org\",\"@graph\":[{\"@type\":\"WebPage\",\"@id\":\"https:\/\/panakobeconsulate.jp\/government-and-politics\/\",\"url\":\"https:\/\/panakobeconsulate.jp\/government-and-politics\/\",\"name\":\"Government and Politics - Consulado General de Panama en Kobe, Jap\u00f3n\",\"isPartOf\":{\"@id\":\"https:\/\/panakobeconsulate.jp\/ja\/#website\"},\"primaryImageOfPage\":{\"@id\":\"https:\/\/panakobeconsulate.jp\/government-and-politics\/#primaryimage\"},\"image\":{\"@id\":\"https:\/\/panakobeconsulate.jp\/government-and-politics\/#primaryimage\"},\"thumbnailUrl\":\"https:\/\/panakobeconsulate.jp\/wp-content\/uploads\/2023\/09\/Sin-titulo.png\",\"datePublished\":\"2023-08-21T00:18:32+00:00\",\"dateModified\":\"2023-09-26T21:45:39+00:00\",\"breadcrumb\":{\"@id\":\"https:\/\/panakobeconsulate.jp\/government-and-politics\/#breadcrumb\"},\"inLanguage\":\"es\",\"potentialAction\":[{\"@type\":\"ReadAction\",\"target\":[\"https:\/\/panakobeconsulate.jp\/government-and-politics\/\"]}]},{\"@type\":\"ImageObject\",\"inLanguage\":\"es\",\"@id\":\"https:\/\/panakobeconsulate.jp\/government-and-politics\/#primaryimage\",\"url\":\"https:\/\/panakobeconsulate.jp\/wp-content\/uploads\/2023\/09\/Sin-titulo.png\",\"contentUrl\":\"https:\/\/panakobeconsulate.jp\/wp-content\/uploads\/2023\/09\/Sin-titulo.png\"},{\"@type\":\"BreadcrumbList\",\"@id\":\"https:\/\/panakobeconsulate.jp\/government-and-politics\/#breadcrumb\",\"itemListElement\":[{\"@type\":\"ListItem\",\"position\":1,\"name\":\"Portada\",\"item\":\"https:\/\/panakobeconsulate.jp\/ja\/\"},{\"@type\":\"ListItem\",\"position\":2,\"name\":\"Government and Politics\"}]},{\"@type\":\"WebSite\",\"@id\":\"https:\/\/panakobeconsulate.jp\/ja\/#website\",\"url\":\"https:\/\/panakobeconsulate.jp\/ja\/\",\"name\":\"Consulado General de Panama en Kobe, Jap\u00f3n\",\"description\":\"Consulado Panama\",\"publisher\":{\"@id\":\"https:\/\/panakobeconsulate.jp\/ja\/#organization\"},\"potentialAction\":[{\"@type\":\"SearchAction\",\"target\":{\"@type\":\"EntryPoint\",\"urlTemplate\":\"https:\/\/panakobeconsulate.jp\/ja\/?s={search_term_string}\"},\"query-input\":{\"@type\":\"PropertyValueSpecification\",\"valueRequired\":true,\"valueName\":\"search_term_string\"}}],\"inLanguage\":\"es\"},{\"@type\":\"Organization\",\"@id\":\"https:\/\/panakobeconsulate.jp\/ja\/#organization\",\"name\":\"Consulado General de Panama en Kobe, Jap\u00f3n\",\"url\":\"https:\/\/panakobeconsulate.jp\/ja\/\",\"logo\":{\"@type\":\"ImageObject\",\"inLanguage\":\"es\",\"@id\":\"https:\/\/panakobeconsulate.jp\/ja\/#\/schema\/logo\/image\/\",\"url\":\"https:\/\/panakobeconsulate.jp\/wp-content\/uploads\/2023\/08\/LOGO-MINREX-150.png\",\"contentUrl\":\"https:\/\/panakobeconsulate.jp\/wp-content\/uploads\/2023\/08\/LOGO-MINREX-150.png\",\"width\":518,\"height\":150,\"caption\":\"Consulado General de Panama en Kobe, Jap\u00f3n\"},\"image\":{\"@id\":\"https:\/\/panakobeconsulate.jp\/ja\/#\/schema\/logo\/image\/\"}}]}<\/script>\n<!-- \/ Yoast SEO Premium plugin. -->","yoast_head_json":{"title":"Government and Politics - Consulado General de Panama en Kobe, Jap\u00f3n","robots":{"index":"index","follow":"follow","max-snippet":"max-snippet:-1","max-image-preview":"max-image-preview:large","max-video-preview":"max-video-preview:-1"},"canonical":"https:\/\/panakobeconsulate.jp\/es\/government-and-politics\/","og_locale":"es_ES","og_type":"article","og_title":"Government and Politics","og_description":"Government and Politics The Republic of Panama has three branches established by the Constitution: The Legislative Branch exercised by the National Assembly, whose members (Diputados in Spanish) are elected every 5 years from electoral circuits established by electoral law The Executive branch embodied by the President of the Republic along with the Ministries offices and [&hellip;]","og_url":"https:\/\/panakobeconsulate.jp\/es\/government-and-politics\/","og_site_name":"Consulado General de Panama en Kobe, Jap\u00f3n","article_modified_time":"2023-09-26T21:45:39+00:00","og_image":[{"width":525,"height":753,"url":"https:\/\/panakobeconsulate.jp\/wp-content\/uploads\/2023\/09\/Sin-titulo.png","type":"image\/png"}],"twitter_card":"summary_large_image","twitter_misc":{"Tiempo de lectura":"1 minuto"},"schema":{"@context":"https:\/\/schema.org","@graph":[{"@type":"WebPage","@id":"https:\/\/panakobeconsulate.jp\/government-and-politics\/","url":"https:\/\/panakobeconsulate.jp\/government-and-politics\/","name":"Government and Politics - Consulado General de Panama en Kobe, Jap\u00f3n","isPartOf":{"@id":"https:\/\/panakobeconsulate.jp\/ja\/#website"},"primaryImageOfPage":{"@id":"https:\/\/panakobeconsulate.jp\/government-and-politics\/#primaryimage"},"image":{"@id":"https:\/\/panakobeconsulate.jp\/government-and-politics\/#primaryimage"},"thumbnailUrl":"https:\/\/panakobeconsulate.jp\/wp-content\/uploads\/2023\/09\/Sin-titulo.png","datePublished":"2023-08-21T00:18:32+00:00","dateModified":"2023-09-26T21:45:39+00:00","breadcrumb":{"@id":"https:\/\/panakobeconsulate.jp\/government-and-politics\/#breadcrumb"},"inLanguage":"es","potentialAction":[{"@type":"ReadAction","target":["https:\/\/panakobeconsulate.jp\/government-and-politics\/"]}]},{"@type":"ImageObject","inLanguage":"es","@id":"https:\/\/panakobeconsulate.jp\/government-and-politics\/#primaryimage","url":"https:\/\/panakobeconsulate.jp\/wp-content\/uploads\/2023\/09\/Sin-titulo.png","contentUrl":"https:\/\/panakobeconsulate.jp\/wp-content\/uploads\/2023\/09\/Sin-titulo.png"},{"@type":"BreadcrumbList","@id":"https:\/\/panakobeconsulate.jp\/government-and-politics\/#breadcrumb","itemListElement":[{"@type":"ListItem","position":1,"name":"Portada","item":"https:\/\/panakobeconsulate.jp\/ja\/"},{"@type":"ListItem","position":2,"name":"Government and Politics"}]},{"@type":"WebSite","@id":"https:\/\/panakobeconsulate.jp\/ja\/#website","url":"https:\/\/panakobeconsulate.jp\/ja\/","name":"Consulado General de Panama en Kobe, Jap\u00f3n","description":"Consulado Panama","publisher":{"@id":"https:\/\/panakobeconsulate.jp\/ja\/#organization"},"potentialAction":[{"@type":"SearchAction","target":{"@type":"EntryPoint","urlTemplate":"https:\/\/panakobeconsulate.jp\/ja\/?s={search_term_string}"},"query-input":{"@type":"PropertyValueSpecification","valueRequired":true,"valueName":"search_term_string"}}],"inLanguage":"es"},{"@type":"Organization","@id":"https:\/\/panakobeconsulate.jp\/ja\/#organization","name":"Consulado General de Panama en Kobe, Jap\u00f3n","url":"https:\/\/panakobeconsulate.jp\/ja\/","logo":{"@type":"ImageObject","inLanguage":"es","@id":"https:\/\/panakobeconsulate.jp\/ja\/#\/schema\/logo\/image\/","url":"https:\/\/panakobeconsulate.jp\/wp-content\/uploads\/2023\/08\/LOGO-MINREX-150.png","contentUrl":"https:\/\/panakobeconsulate.jp\/wp-content\/uploads\/2023\/08\/LOGO-MINREX-150.png","width":518,"height":150,"caption":"Consulado General de Panama en Kobe, Jap\u00f3n"},"image":{"@id":"https:\/\/panakobeconsulate.jp\/ja\/#\/schema\/logo\/image\/"}}]}},"_links":{"self":[{"href":"https:\/\/panakobeconsulate.jp\/es\/wp-json\/wp\/v2\/pages\/48","targetHints":{"allow":["GET"]}}],"collection":[{"href":"https:\/\/panakobeconsulate.jp\/es\/wp-json\/wp\/v2\/pages"}],"about":[{"href":"https:\/\/panakobeconsulate.jp\/es\/wp-json\/wp\/v2\/types\/page"}],"author":[{"embeddable":true,"href":"https:\/\/panakobeconsulate.jp\/es\/wp-json\/wp\/v2\/users\/1"}],"replies":[{"embeddable":true,"href":"https:\/\/panakobeconsulate.jp\/es\/wp-json\/wp\/v2\/comments?post=48"}],"version-history":[{"count":10,"href":"https:\/\/panakobeconsulate.jp\/es\/wp-json\/wp\/v2\/pages\/48\/revisions"}],"predecessor-version":[{"id":1843,"href":"https:\/\/panakobeconsulate.jp\/es\/wp-json\/wp\/v2\/pages\/48\/revisions\/1843"}],"wp:attachment":[{"href":"https:\/\/panakobeconsulate.jp\/es\/wp-json\/wp\/v2\/media?parent=48"}],"curies":[{"name":"wp","href":"https:\/\/api.w.org\/{rel}","templated":true}]}}