{"id":36,"date":"2023-08-21T00:15:50","date_gmt":"2023-08-21T00:15:50","guid":{"rendered":"https:\/\/panakobeconsulate.jp\/?page_id=36"},"modified":"2023-10-16T07:51:49","modified_gmt":"2023-10-16T12:51:49","slug":"mortgage-registration-and-bank-related-services","status":"publish","type":"page","link":"https:\/\/panakobeconsulate.jp\/es\/mortgage-registration-and-bank-related-services\/","title":{"rendered":"Registro de Hipoteca y servicios relacionados con el Banco"},"content":{"rendered":"<div data-elementor-type=\"wp-page\" data-elementor-id=\"36\" class=\"elementor elementor-36\" data-elementor-post-type=\"page\">\n\t\t\t\t\t\t<section class=\"elementor-section elementor-top-section elementor-element elementor-element-pq9fgm2 elementor-section-full_width elementor-section-height-default elementor-section-height-default\" data-id=\"pq9fgm2\" data-element_type=\"section\" data-e-type=\"section\" data-settings=\"{&quot;background_background&quot;:&quot;classic&quot;}\">\n\t\t\t\t\t\t<div class=\"elementor-container elementor-column-gap-no\">\n\t\t\t\t\t<div class=\"elementor-column elementor-col-100 elementor-top-column elementor-element elementor-element-0814f73\" data-id=\"0814f73\" data-element_type=\"column\" data-e-type=\"column\">\n\t\t\t<div class=\"elementor-widget-wrap elementor-element-populated\">\n\t\t\t\t\t\t<div class=\"elementor-element elementor-element-18ea619 elementor-hidden-mobile elementor-invisible elementor-widget elementor-widget-image\" data-id=\"18ea619\" data-element_type=\"widget\" data-e-type=\"widget\" data-settings=\"{&quot;_animation&quot;:&quot;fadeIn&quot;}\" data-widget_type=\"image.default\">\n\t\t\t\t<div class=\"elementor-widget-container\">\n\t\t\t\t\t\t\t\t\t\t\t\t\t\t\t<img decoding=\"async\" src=\"https:\/\/panakobeconsulate.jp\/wp-content\/uploads\/elementor\/thumbs\/Panama-City-Panama-Province-Panama-scaled-quw6z9ijyemptutfsgnhxh84ua707ohy2lkrnkfc8o.jpg\" title=\"Ciudad de Panam\u00e1, Provincia de Panam\u00e1, Panam\u00e1\" alt=\"Panama City, Panam\u00e1 Province, Panama\" loading=\"lazy\" \/>\t\t\t\t\t\t\t\t\t\t\t\t\t\t\t<\/div>\n\t\t\t\t<\/div>\n\t\t\t\t\t<\/div>\n\t\t<\/div>\n\t\t\t\t\t<\/div>\n\t\t<\/section>\n\t\t\t\t<section class=\"elementor-section elementor-top-section elementor-element elementor-element-cacf10a elementor-section-boxed elementor-section-height-default elementor-section-height-default\" data-id=\"cacf10a\" data-element_type=\"section\" data-e-type=\"section\">\n\t\t\t\t\t\t<div class=\"elementor-container elementor-column-gap-default\">\n\t\t\t\t\t<div class=\"elementor-column elementor-col-100 elementor-top-column elementor-element elementor-element-34c8f26\" data-id=\"34c8f26\" data-element_type=\"column\" data-e-type=\"column\">\n\t\t\t<div class=\"elementor-widget-wrap elementor-element-populated\">\n\t\t\t\t\t\t<div class=\"elementor-element elementor-element-ff9d19e elementor-widget elementor-widget-spacer\" data-id=\"ff9d19e\" data-element_type=\"widget\" data-e-type=\"widget\" data-widget_type=\"spacer.default\">\n\t\t\t\t<div class=\"elementor-widget-container\">\n\t\t\t\t\t\t\t<div class=\"elementor-spacer\">\n\t\t\t<div class=\"elementor-spacer-inner\"><\/div>\n\t\t<\/div>\n\t\t\t\t\t\t<\/div>\n\t\t\t\t<\/div>\n\t\t\t\t<div class=\"elementor-element elementor-element-f969ba3 elementor-widget__width-initial elementor-widget-tablet__width-initial elementor-widget-mobile__width-initial elementor-invisible elementor-widget elementor-widget-heading\" data-id=\"f969ba3\" data-element_type=\"widget\" data-e-type=\"widget\" data-settings=\"{&quot;_animation&quot;:&quot;fadeInDown&quot;}\" data-widget_type=\"heading.default\">\n\t\t\t\t<div class=\"elementor-widget-container\">\n\t\t\t\t\t<h1 class=\"elementor-heading-title elementor-size-default\">REGISTRO HIPOTECARIO Y SERVICIOS BANCARIOS<\/h1>\t\t\t\t<\/div>\n\t\t\t\t<\/div>\n\t\t\t\t<div class=\"elementor-element elementor-element-90a6506 elementor-widget elementor-widget-spacer\" data-id=\"90a6506\" data-element_type=\"widget\" data-e-type=\"widget\" data-widget_type=\"spacer.default\">\n\t\t\t\t<div class=\"elementor-widget-container\">\n\t\t\t\t\t\t\t<div class=\"elementor-spacer\">\n\t\t\t<div class=\"elementor-spacer-inner\"><\/div>\n\t\t<\/div>\n\t\t\t\t\t\t<\/div>\n\t\t\t\t<\/div>\n\t\t\t\t<div class=\"elementor-element elementor-element-d822a7a elementor-invisible elementor-widget elementor-widget-text-editor\" data-id=\"d822a7a\" data-element_type=\"widget\" data-e-type=\"widget\" data-settings=\"{&quot;_animation&quot;:&quot;fadeIn&quot;}\" data-widget_type=\"text-editor.default\">\n\t\t\t\t<div class=\"elementor-widget-container\">\n\t\t\t\t\t\t\t\t\t<p>El contrato de hipoteca, otorgado dentro o fuera de Panam\u00e1, podr\u00e1 celebrarse en cualquier idioma y deber\u00e1 constar en escritura p\u00fablica o documento privado.<\/p>\n<p><span style=\"font-weight: 400;\">Si se celebra en documento privado, la firma de los otorgantes deber\u00e1 ser autenticada por notario p\u00fablico o por un C\u00f3nsul de la Rep\u00fablica de Panam\u00e1 en el ejercicio de sus funciones notariales.&nbsp;<\/span><\/p><p style=\"font-size: 16px; font-style: normal; font-weight: 400;\">El Registro Naval Paname\u00f1o permite la inscripci\u00f3n de hipotecas navales sobre embarcaciones que se encuentren en construcci\u00f3n, para lo cual ser\u00e1 indispensable que est\u00e9 inscrito en la Direcci\u00f3n General de Registro P\u00fablico de Propiedad de Naves, el t\u00edtulo de propiedad de la embarcaci\u00f3n que se pretende hipotecado para lo cual podr\u00e1 utilizarse la C\u00e9dula de Construcci\u00f3n expedida por el astillero correspondiente.<\/p><p style=\"font-size: 16px; font-style: normal; font-weight: 400;\">Nuestra oficina Consular en Kobe tambi\u00e9n puede realizar los tr\u00e1mites de registro preliminar que son sencillos y buscan proteger los intereses de los propietarios de la embarcaci\u00f3n y de las instituciones bancarias.<\/p>\t\t\t\t\t\t\t\t<\/div>\n\t\t\t\t<\/div>\n\t\t\t\t<div class=\"elementor-element elementor-element-290dc7e elementor-hidden-mobile elementor-widget elementor-widget-spacer\" data-id=\"290dc7e\" data-element_type=\"widget\" data-e-type=\"widget\" data-widget_type=\"spacer.default\">\n\t\t\t\t<div class=\"elementor-widget-container\">\n\t\t\t\t\t\t\t<div class=\"elementor-spacer\">\n\t\t\t<div class=\"elementor-spacer-inner\"><\/div>\n\t\t<\/div>\n\t\t\t\t\t\t<\/div>\n\t\t\t\t<\/div>\n\t\t\t\t\t<\/div>\n\t\t<\/div>\n\t\t\t\t\t<\/div>\n\t\t<\/section>\n\t\t\t\t<section class=\"elementor-section elementor-top-section elementor-element elementor-element-180d708 elementor-section-boxed elementor-section-height-default elementor-section-height-default\" data-id=\"180d708\" data-element_type=\"section\" data-e-type=\"section\">\n\t\t\t\t\t\t<div class=\"elementor-container elementor-column-gap-default\">\n\t\t\t\t\t<div class=\"elementor-column elementor-col-100 elementor-top-column elementor-element elementor-element-1bf7f66\" data-id=\"1bf7f66\" data-element_type=\"column\" data-e-type=\"column\">\n\t\t\t<div class=\"elementor-widget-wrap elementor-element-populated\">\n\t\t\t\t\t\t<div class=\"elementor-element elementor-element-9ae4ac7 elementor-widget__width-initial elementor-widget-tablet__width-initial elementor-invisible elementor-widget elementor-widget-heading\" data-id=\"9ae4ac7\" data-element_type=\"widget\" data-e-type=\"widget\" data-settings=\"{&quot;_animation&quot;:&quot;fadeInDown&quot;}\" data-widget_type=\"heading.default\">\n\t\t\t\t<div class=\"elementor-widget-container\">\n\t\t\t\t\t<h1 class=\"elementor-heading-title elementor-size-default\">ARRENDAMIENTO FINANCIERO<\/h1>\t\t\t\t<\/div>\n\t\t\t\t<\/div>\n\t\t\t\t\t<\/div>\n\t\t<\/div>\n\t\t\t\t\t<\/div>\n\t\t<\/section>\n\t\t\t\t<section class=\"elementor-section elementor-top-section elementor-element elementor-element-1d9f08f elementor-section-boxed elementor-section-height-default elementor-section-height-default\" data-id=\"1d9f08f\" data-element_type=\"section\" data-e-type=\"section\">\n\t\t\t\t\t\t<div class=\"elementor-container elementor-column-gap-default\">\n\t\t\t\t\t<div class=\"elementor-column elementor-col-50 elementor-top-column elementor-element elementor-element-0affb63\" data-id=\"0affb63\" data-element_type=\"column\" data-e-type=\"column\">\n\t\t\t<div class=\"elementor-widget-wrap elementor-element-populated\">\n\t\t\t\t\t\t<div class=\"elementor-element elementor-element-85cbfc5 elementor-invisible elementor-widget elementor-widget-image\" data-id=\"85cbfc5\" data-element_type=\"widget\" data-e-type=\"widget\" data-settings=\"{&quot;_animation&quot;:&quot;fadeInLeft&quot;}\" data-widget_type=\"image.default\">\n\t\t\t\t<div class=\"elementor-widget-container\">\n\t\t\t\t\t\t\t\t\t\t\t\t\t\t\t<img decoding=\"async\" src=\"https:\/\/panakobeconsulate.jp\/wp-content\/uploads\/elementor\/thumbs\/Mortgage-1-quw6zbe2hko1ax987u8hdn20uwdioxuo7r9h5oo49w.jpg\" title=\"Hipoteca -1\" alt=\"Mortgage -1\" loading=\"lazy\" \/>\t\t\t\t\t\t\t\t\t\t\t\t\t\t\t<\/div>\n\t\t\t\t<\/div>\n\t\t\t\t<div class=\"elementor-element elementor-element-88781ca elementor-invisible elementor-widget elementor-widget-text-editor\" data-id=\"88781ca\" data-element_type=\"widget\" data-e-type=\"widget\" data-settings=\"{&quot;_animation&quot;:&quot;fadeInUp&quot;}\" data-widget_type=\"text-editor.default\">\n\t\t\t\t<div class=\"elementor-widget-container\">\n\t\t\t\t\t\t\t\t\t<p>El contrato de arrendamiento financiero de embarcaciones, otorgado dentro o fuera de Panam\u00e1, podr\u00e1 celebrarse en cualquier idioma y deber\u00e1 constar en escritura p\u00fablica o documento privado.<\/p>\t\t\t\t\t\t\t\t<\/div>\n\t\t\t\t<\/div>\n\t\t\t\t\t<\/div>\n\t\t<\/div>\n\t\t\t\t<div class=\"elementor-column elementor-col-50 elementor-top-column elementor-element elementor-element-0e0d371\" data-id=\"0e0d371\" data-element_type=\"column\" data-e-type=\"column\">\n\t\t\t<div class=\"elementor-widget-wrap elementor-element-populated\">\n\t\t\t\t\t\t<div class=\"elementor-element elementor-element-5ca7fe6 elementor-invisible elementor-widget elementor-widget-image\" data-id=\"5ca7fe6\" data-element_type=\"widget\" data-e-type=\"widget\" data-settings=\"{&quot;_animation&quot;:&quot;fadeInRight&quot;}\" data-widget_type=\"image.default\">\n\t\t\t\t<div class=\"elementor-widget-container\">\n\t\t\t\t\t\t\t\t\t\t\t\t\t\t\t<img decoding=\"async\" src=\"https:\/\/panakobeconsulate.jp\/wp-content\/uploads\/elementor\/thumbs\/Mortgage-3-quw6zbe2hko1ax987u8hdn20uwdioxuo7r9h5oo49w.jpg\" title=\"Hipoteca -3\" alt=\"Mortgage -3\" loading=\"lazy\" \/>\t\t\t\t\t\t\t\t\t\t\t\t\t\t\t<\/div>\n\t\t\t\t<\/div>\n\t\t\t\t<div class=\"elementor-element elementor-element-dd399ed elementor-invisible elementor-widget elementor-widget-text-editor\" data-id=\"dd399ed\" data-element_type=\"widget\" data-e-type=\"widget\" data-settings=\"{&quot;_animation&quot;:&quot;fadeInUp&quot;}\" data-widget_type=\"text-editor.default\">\n\t\t\t\t<div class=\"elementor-widget-container\">\n\t\t\t\t\t\t\t\t\t<p>Si se celebra en documento privado, la firma de los otorgantes deber\u00e1 ser autenticada por notario p\u00fablico o por un C\u00f3nsul de la Rep\u00fablica de Panam\u00e1 en el ejercicio de sus funciones notariales.<\/p>\t\t\t\t\t\t\t\t<\/div>\n\t\t\t\t<\/div>\n\t\t\t\t\t<\/div>\n\t\t<\/div>\n\t\t\t\t\t<\/div>\n\t\t<\/section>\n\t\t\t\t<section class=\"elementor-section elementor-top-section elementor-element elementor-element-93e1ed1 elementor-section-boxed elementor-section-height-default elementor-section-height-default\" data-id=\"93e1ed1\" data-element_type=\"section\" data-e-type=\"section\">\n\t\t\t\t\t\t<div class=\"elementor-container elementor-column-gap-default\">\n\t\t\t\t\t<div class=\"elementor-column elementor-col-100 elementor-top-column elementor-element elementor-element-5dad570\" data-id=\"5dad570\" data-element_type=\"column\" data-e-type=\"column\">\n\t\t\t<div class=\"elementor-widget-wrap elementor-element-populated\">\n\t\t\t\t\t\t<div class=\"elementor-element elementor-element-565720c elementor-widget elementor-widget-spacer\" data-id=\"565720c\" data-element_type=\"widget\" data-e-type=\"widget\" data-widget_type=\"spacer.default\">\n\t\t\t\t<div class=\"elementor-widget-container\">\n\t\t\t\t\t\t\t<div class=\"elementor-spacer\">\n\t\t\t<div class=\"elementor-spacer-inner\"><\/div>\n\t\t<\/div>\n\t\t\t\t\t\t<\/div>\n\t\t\t\t<\/div>\n\t\t\t\t\t<\/div>\n\t\t<\/div>\n\t\t\t\t\t<\/div>\n\t\t<\/section>\n\t\t\t\t<\/div>","protected":false},"excerpt":{"rendered":"<p>REGISTRO DE HIPOTECAS Y SERVICIOS BANCARIOS El contrato de hipoteca, otorgado dentro o fuera de Panam\u00e1, podr\u00e1 celebrarse en cualquier idioma y deber\u00e1 constar por escrito en escritura p\u00fablica o en documento privado. Si se celebra mediante documento privado, la firma de los otorgantes deber\u00e1 ser autenticada por notario p\u00fablico o [\u2026]<\/p>","protected":false},"author":1,"featured_media":0,"parent":0,"menu_order":0,"comment_status":"closed","ping_status":"closed","template":"","meta":{"_uf_show_specific_survey":0,"_uf_disable_surveys":false,"site-sidebar-layout":"no-sidebar","site-content-layout":"page-builder","ast-site-content-layout":"default","site-content-style":"default","site-sidebar-style":"default","ast-global-header-display":"","ast-banner-title-visibility":"","ast-main-header-display":"","ast-hfb-above-header-display":"","ast-hfb-below-header-display":"","ast-hfb-mobile-header-display":"","site-post-title":"disabled","ast-breadcrumbs-content":"","ast-featured-img":"disabled","footer-sml-layout":"","ast-disable-related-posts":"","theme-transparent-header-meta":"","adv-header-id-meta":"","stick-header-meta":"","header-above-stick-meta":"","header-main-stick-meta":"","header-below-stick-meta":"","astra-migrate-meta-layouts":"default","ast-page-background-enabled":"default","ast-page-background-meta":{"desktop":{"background-color":"var(--ast-global-color-4)","background-image":"","background-repeat":"repeat","background-position":"center center","background-size":"auto","background-attachment":"scroll","background-type":"","background-media":"","overlay-type":"","overlay-color":"","overlay-opacity":"","overlay-gradient":""},"tablet":{"background-color":"","background-image":"","background-repeat":"repeat","background-position":"center center","background-size":"auto","background-attachment":"scroll","background-type":"","background-media":"","overlay-type":"","overlay-color":"","overlay-opacity":"","overlay-gradient":""},"mobile":{"background-color":"","background-image":"","background-repeat":"repeat","background-position":"center center","background-size":"auto","background-attachment":"scroll","background-type":"","background-media":"","overlay-type":"","overlay-color":"","overlay-opacity":"","overlay-gradient":""}},"ast-content-background-meta":{"desktop":{"background-color":"var(--ast-global-color-5)","background-image":"","background-repeat":"repeat","background-position":"center center","background-size":"auto","background-attachment":"scroll","background-type":"","background-media":"","overlay-type":"","overlay-color":"","overlay-opacity":"","overlay-gradient":""},"tablet":{"background-color":"var(--ast-global-color-5)","background-image":"","background-repeat":"repeat","background-position":"center center","background-size":"auto","background-attachment":"scroll","background-type":"","background-media":"","overlay-type":"","overlay-color":"","overlay-opacity":"","overlay-gradient":""},"mobile":{"background-color":"var(--ast-global-color-5)","background-image":"","background-repeat":"repeat","background-position":"center center","background-size":"auto","background-attachment":"scroll","background-type":"","background-media":"","overlay-type":"","overlay-color":"","overlay-opacity":"","overlay-gradient":""}},"footnotes":""},"class_list":["post-36","page","type-page","status-publish","hentry"],"yoast_head":"<!-- This site is optimized with the Yoast SEO Premium plugin v26.5 (Yoast SEO v26.5) - https:\/\/yoast.com\/wordpress\/plugins\/seo\/ -->\n<title>Mortgage Registration and Bank related services - Consulado General de Panama en Kobe, Jap\u00f3n<\/title>\n<meta name=\"robots\" content=\"index, follow, max-snippet:-1, max-image-preview:large, max-video-preview:-1\" \/>\n<link rel=\"canonical\" href=\"https:\/\/panakobeconsulate.jp\/es\/mortgage-registration-and-bank-related-services\/\" \/>\n<meta property=\"og:locale\" content=\"es_ES\" \/>\n<meta property=\"og:type\" content=\"article\" \/>\n<meta property=\"og:title\" content=\"Mortgage Registration and Bank related services\" \/>\n<meta property=\"og:description\" content=\"MORTGAGE REGISTRATION AND BANK RELATED SERVICES The mortgage contract, granted inside or outside of Panama, may be held in any language and must be in written in a public deed or a private document. If it is celebrated by a private document, the signature of the grantors must be authenticated by a notary public or [&hellip;]\" \/>\n<meta property=\"og:url\" content=\"https:\/\/panakobeconsulate.jp\/es\/mortgage-registration-and-bank-related-services\/\" \/>\n<meta property=\"og:site_name\" content=\"Consulado General de Panama en Kobe, Jap\u00f3n\" \/>\n<meta property=\"article:modified_time\" content=\"2023-10-16T12:51:49+00:00\" \/>\n<meta property=\"og:image\" content=\"https:\/\/panakobeconsulate.jp\/wp-content\/uploads\/elementor\/thumbs\/Panama-City-Panama-Province-Panama-scaled-qb98m527efxoz5hyxarpvo2vwo27rvwn4od83mr9o8.jpg\" \/>\n<meta name=\"twitter:card\" content=\"summary_large_image\" \/>\n<meta name=\"twitter:label1\" content=\"Tiempo de lectura\" \/>\n\t<meta name=\"twitter:data1\" content=\"1 minuto\" \/>\n<script type=\"application\/ld+json\" class=\"yoast-schema-graph\">{\"@context\":\"https:\/\/schema.org\",\"@graph\":[{\"@type\":\"WebPage\",\"@id\":\"https:\/\/panakobeconsulate.jp\/es\/mortgage-registration-and-bank-related-services\/\",\"url\":\"https:\/\/panakobeconsulate.jp\/es\/mortgage-registration-and-bank-related-services\/\",\"name\":\"Mortgage Registration and Bank related services - Consulado General de Panama en Kobe, Jap\u00f3n\",\"isPartOf\":{\"@id\":\"https:\/\/panakobeconsulate.jp\/ja\/#website\"},\"primaryImageOfPage\":{\"@id\":\"https:\/\/panakobeconsulate.jp\/es\/mortgage-registration-and-bank-related-services\/#primaryimage\"},\"image\":{\"@id\":\"https:\/\/panakobeconsulate.jp\/es\/mortgage-registration-and-bank-related-services\/#primaryimage\"},\"thumbnailUrl\":\"https:\/\/panakobeconsulate.jp\/wp-content\/uploads\/elementor\/thumbs\/Panama-City-Panama-Province-Panama-scaled-qb98m527efxoz5hyxarpvo2vwo27rvwn4od83mr9o8.jpg\",\"datePublished\":\"2023-08-21T00:15:50+00:00\",\"dateModified\":\"2023-10-16T12:51:49+00:00\",\"breadcrumb\":{\"@id\":\"https:\/\/panakobeconsulate.jp\/es\/mortgage-registration-and-bank-related-services\/#breadcrumb\"},\"inLanguage\":\"es\",\"potentialAction\":[{\"@type\":\"ReadAction\",\"target\":[\"https:\/\/panakobeconsulate.jp\/es\/mortgage-registration-and-bank-related-services\/\"]}]},{\"@type\":\"ImageObject\",\"inLanguage\":\"es\",\"@id\":\"https:\/\/panakobeconsulate.jp\/es\/mortgage-registration-and-bank-related-services\/#primaryimage\",\"url\":\"https:\/\/panakobeconsulate.jp\/wp-content\/uploads\/elementor\/thumbs\/Panama-City-Panama-Province-Panama-scaled-qb98m527efxoz5hyxarpvo2vwo27rvwn4od83mr9o8.jpg\",\"contentUrl\":\"https:\/\/panakobeconsulate.jp\/wp-content\/uploads\/elementor\/thumbs\/Panama-City-Panama-Province-Panama-scaled-qb98m527efxoz5hyxarpvo2vwo27rvwn4od83mr9o8.jpg\"},{\"@type\":\"BreadcrumbList\",\"@id\":\"https:\/\/panakobeconsulate.jp\/es\/mortgage-registration-and-bank-related-services\/#breadcrumb\",\"itemListElement\":[{\"@type\":\"ListItem\",\"position\":1,\"name\":\"Portada\",\"item\":\"https:\/\/panakobeconsulate.jp\/ja\/\"},{\"@type\":\"ListItem\",\"position\":2,\"name\":\"Mortgage Registration and Bank related services\"}]},{\"@type\":\"WebSite\",\"@id\":\"https:\/\/panakobeconsulate.jp\/ja\/#website\",\"url\":\"https:\/\/panakobeconsulate.jp\/ja\/\",\"name\":\"Consulado General de Panama en Kobe, Jap\u00f3n\",\"description\":\"Consulado Panama\",\"publisher\":{\"@id\":\"https:\/\/panakobeconsulate.jp\/ja\/#organization\"},\"potentialAction\":[{\"@type\":\"SearchAction\",\"target\":{\"@type\":\"EntryPoint\",\"urlTemplate\":\"https:\/\/panakobeconsulate.jp\/ja\/?s={search_term_string}\"},\"query-input\":{\"@type\":\"PropertyValueSpecification\",\"valueRequired\":true,\"valueName\":\"search_term_string\"}}],\"inLanguage\":\"es\"},{\"@type\":\"Organization\",\"@id\":\"https:\/\/panakobeconsulate.jp\/ja\/#organization\",\"name\":\"Consulado General de Panama en Kobe, Jap\u00f3n\",\"url\":\"https:\/\/panakobeconsulate.jp\/ja\/\",\"logo\":{\"@type\":\"ImageObject\",\"inLanguage\":\"es\",\"@id\":\"https:\/\/panakobeconsulate.jp\/ja\/#\/schema\/logo\/image\/\",\"url\":\"https:\/\/panakobeconsulate.jp\/wp-content\/uploads\/2023\/08\/LOGO-MINREX-150.png\",\"contentUrl\":\"https:\/\/panakobeconsulate.jp\/wp-content\/uploads\/2023\/08\/LOGO-MINREX-150.png\",\"width\":518,\"height\":150,\"caption\":\"Consulado General de Panama en Kobe, Jap\u00f3n\"},\"image\":{\"@id\":\"https:\/\/panakobeconsulate.jp\/ja\/#\/schema\/logo\/image\/\"}}]}<\/script>\n<!-- \/ Yoast SEO Premium plugin. -->","yoast_head_json":{"title":"Mortgage Registration and Bank related services - Consulado General de Panama en Kobe, Jap\u00f3n","robots":{"index":"index","follow":"follow","max-snippet":"max-snippet:-1","max-image-preview":"max-image-preview:large","max-video-preview":"max-video-preview:-1"},"canonical":"https:\/\/panakobeconsulate.jp\/es\/mortgage-registration-and-bank-related-services\/","og_locale":"es_ES","og_type":"article","og_title":"Mortgage Registration and Bank related services","og_description":"MORTGAGE REGISTRATION AND BANK RELATED SERVICES The mortgage contract, granted inside or outside of Panama, may be held in any language and must be in written in a public deed or a private document. If it is celebrated by a private document, the signature of the grantors must be authenticated by a notary public or [&hellip;]","og_url":"https:\/\/panakobeconsulate.jp\/es\/mortgage-registration-and-bank-related-services\/","og_site_name":"Consulado General de Panama en Kobe, Jap\u00f3n","article_modified_time":"2023-10-16T12:51:49+00:00","og_image":[{"url":"https:\/\/panakobeconsulate.jp\/wp-content\/uploads\/elementor\/thumbs\/Panama-City-Panama-Province-Panama-scaled-qb98m527efxoz5hyxarpvo2vwo27rvwn4od83mr9o8.jpg","type":"","width":"","height":""}],"twitter_card":"summary_large_image","twitter_misc":{"Tiempo de lectura":"1 minuto"},"schema":{"@context":"https:\/\/schema.org","@graph":[{"@type":"WebPage","@id":"https:\/\/panakobeconsulate.jp\/es\/mortgage-registration-and-bank-related-services\/","url":"https:\/\/panakobeconsulate.jp\/es\/mortgage-registration-and-bank-related-services\/","name":"Mortgage Registration and Bank related services - Consulado General de Panama en Kobe, Jap\u00f3n","isPartOf":{"@id":"https:\/\/panakobeconsulate.jp\/ja\/#website"},"primaryImageOfPage":{"@id":"https:\/\/panakobeconsulate.jp\/es\/mortgage-registration-and-bank-related-services\/#primaryimage"},"image":{"@id":"https:\/\/panakobeconsulate.jp\/es\/mortgage-registration-and-bank-related-services\/#primaryimage"},"thumbnailUrl":"https:\/\/panakobeconsulate.jp\/wp-content\/uploads\/elementor\/thumbs\/Panama-City-Panama-Province-Panama-scaled-qb98m527efxoz5hyxarpvo2vwo27rvwn4od83mr9o8.jpg","datePublished":"2023-08-21T00:15:50+00:00","dateModified":"2023-10-16T12:51:49+00:00","breadcrumb":{"@id":"https:\/\/panakobeconsulate.jp\/es\/mortgage-registration-and-bank-related-services\/#breadcrumb"},"inLanguage":"es","potentialAction":[{"@type":"ReadAction","target":["https:\/\/panakobeconsulate.jp\/es\/mortgage-registration-and-bank-related-services\/"]}]},{"@type":"ImageObject","inLanguage":"es","@id":"https:\/\/panakobeconsulate.jp\/es\/mortgage-registration-and-bank-related-services\/#primaryimage","url":"https:\/\/panakobeconsulate.jp\/wp-content\/uploads\/elementor\/thumbs\/Panama-City-Panama-Province-Panama-scaled-qb98m527efxoz5hyxarpvo2vwo27rvwn4od83mr9o8.jpg","contentUrl":"https:\/\/panakobeconsulate.jp\/wp-content\/uploads\/elementor\/thumbs\/Panama-City-Panama-Province-Panama-scaled-qb98m527efxoz5hyxarpvo2vwo27rvwn4od83mr9o8.jpg"},{"@type":"BreadcrumbList","@id":"https:\/\/panakobeconsulate.jp\/es\/mortgage-registration-and-bank-related-services\/#breadcrumb","itemListElement":[{"@type":"ListItem","position":1,"name":"Portada","item":"https:\/\/panakobeconsulate.jp\/ja\/"},{"@type":"ListItem","position":2,"name":"Mortgage Registration and Bank related services"}]},{"@type":"WebSite","@id":"https:\/\/panakobeconsulate.jp\/ja\/#website","url":"https:\/\/panakobeconsulate.jp\/ja\/","name":"Consulado General de Panama en Kobe, Jap\u00f3n","description":"Consulado Panama","publisher":{"@id":"https:\/\/panakobeconsulate.jp\/ja\/#organization"},"potentialAction":[{"@type":"SearchAction","target":{"@type":"EntryPoint","urlTemplate":"https:\/\/panakobeconsulate.jp\/ja\/?s={search_term_string}"},"query-input":{"@type":"PropertyValueSpecification","valueRequired":true,"valueName":"search_term_string"}}],"inLanguage":"es"},{"@type":"Organization","@id":"https:\/\/panakobeconsulate.jp\/ja\/#organization","name":"Consulado General de Panama en Kobe, Jap\u00f3n","url":"https:\/\/panakobeconsulate.jp\/ja\/","logo":{"@type":"ImageObject","inLanguage":"es","@id":"https:\/\/panakobeconsulate.jp\/ja\/#\/schema\/logo\/image\/","url":"https:\/\/panakobeconsulate.jp\/wp-content\/uploads\/2023\/08\/LOGO-MINREX-150.png","contentUrl":"https:\/\/panakobeconsulate.jp\/wp-content\/uploads\/2023\/08\/LOGO-MINREX-150.png","width":518,"height":150,"caption":"Consulado General de Panama en Kobe, Jap\u00f3n"},"image":{"@id":"https:\/\/panakobeconsulate.jp\/ja\/#\/schema\/logo\/image\/"}}]}},"_links":{"self":[{"href":"https:\/\/panakobeconsulate.jp\/es\/wp-json\/wp\/v2\/pages\/36","targetHints":{"allow":["GET"]}}],"collection":[{"href":"https:\/\/panakobeconsulate.jp\/es\/wp-json\/wp\/v2\/pages"}],"about":[{"href":"https:\/\/panakobeconsulate.jp\/es\/wp-json\/wp\/v2\/types\/page"}],"author":[{"embeddable":true,"href":"https:\/\/panakobeconsulate.jp\/es\/wp-json\/wp\/v2\/users\/1"}],"replies":[{"embeddable":true,"href":"https:\/\/panakobeconsulate.jp\/es\/wp-json\/wp\/v2\/comments?post=36"}],"version-history":[{"count":29,"href":"https:\/\/panakobeconsulate.jp\/es\/wp-json\/wp\/v2\/pages\/36\/revisions"}],"predecessor-version":[{"id":2131,"href":"https:\/\/panakobeconsulate.jp\/es\/wp-json\/wp\/v2\/pages\/36\/revisions\/2131"}],"wp:attachment":[{"href":"https:\/\/panakobeconsulate.jp\/es\/wp-json\/wp\/v2\/media?parent=36"}],"curies":[{"name":"wp","href":"https:\/\/api.w.org\/{rel}","templated":true}]}}