{"id":34,"date":"2023-08-21T00:15:22","date_gmt":"2023-08-21T05:15:22","guid":{"rendered":"https:\/\/panakobeconsulate.jp\/?page_id=34"},"modified":"2025-12-09T02:10:43","modified_gmt":"2025-12-08T18:10:43","slug":"maritime-logbooks-and-crew-roll-books","status":"publish","type":"page","link":"https:\/\/panakobeconsulate.jp\/es\/maritime-logbooks-and-crew-roll-books\/","title":{"rendered":"Cuadernos de bit\u00e1cora mar\u00edtima y libros de registro de tripulaci\u00f3n"},"content":{"rendered":"<div data-elementor-type=\"wp-page\" data-elementor-id=\"34\" class=\"elementor elementor-34\" data-elementor-post-type=\"page\">\n\t\t\t\t\t\t<section class=\"elementor-section elementor-top-section elementor-element elementor-element-86c6a0d elementor-section-boxed elementor-section-height-default elementor-section-height-default\" data-id=\"86c6a0d\" data-element_type=\"section\" data-e-type=\"section\">\n\t\t\t\t\t\t<div class=\"elementor-container elementor-column-gap-default\">\n\t\t\t\t\t<div class=\"elementor-column elementor-col-33 elementor-top-column elementor-element elementor-element-469c361\" data-id=\"469c361\" data-element_type=\"column\" data-e-type=\"column\">\n\t\t\t<div class=\"elementor-widget-wrap elementor-element-populated\">\n\t\t\t\t\t\t<div class=\"elementor-element elementor-element-4023b81 elementor-widget elementor-widget-spacer\" data-id=\"4023b81\" data-element_type=\"widget\" data-e-type=\"widget\" data-widget_type=\"spacer.default\">\n\t\t\t\t<div class=\"elementor-widget-container\">\n\t\t\t\t\t\t\t<div class=\"elementor-spacer\">\n\t\t\t<div class=\"elementor-spacer-inner\"><\/div>\n\t\t<\/div>\n\t\t\t\t\t\t<\/div>\n\t\t\t\t<\/div>\n\t\t\t\t<div class=\"elementor-element elementor-element-f47af83 elementor-widget__width-initial elementor-widget-tablet__width-initial elementor-invisible elementor-widget elementor-widget-heading\" data-id=\"f47af83\" data-element_type=\"widget\" data-e-type=\"widget\" data-settings=\"{&quot;_animation&quot;:&quot;fadeInDown&quot;}\" data-widget_type=\"heading.default\">\n\t\t\t\t<div class=\"elementor-widget-container\">\n\t\t\t\t\t<h2 class=\"elementor-heading-title elementor-size-default\">DIARIOS DE DIARIO MAR\u00cdTIMOS Y LIBROS DE ROLLO DE TRIPULACI\u00d3N<\/h2>\t\t\t\t<\/div>\n\t\t\t\t<\/div>\n\t\t\t\t<div class=\"elementor-element elementor-element-73abf2d elementor-widget__width-initial elementor-widget-mobile__width-initial elementor-widget-tablet__width-initial elementor-invisible elementor-widget elementor-widget-text-editor\" data-id=\"73abf2d\" data-element_type=\"widget\" data-e-type=\"widget\" data-settings=\"{&quot;_animation&quot;:&quot;fadeInDown&quot;}\" data-widget_type=\"text-editor.default\">\n\t\t\t\t<div class=\"elementor-widget-container\">\n\t\t\t\t\t\t\t\t\t<p>Las regulaciones paname\u00f1as requieren que los siguientes libros est\u00e9n a bordo de cada embarcaci\u00f3n de bandera paname\u00f1a:<\/p>\n<ul>\n<li>Libro de registro oficial<\/li>\n<li>Cuaderno de bit\u00e1cora de la tripulaci\u00f3n del buque;<\/li>\n<li>Libro Registro de Petr\u00f3leo y Emisiones.<\/li>\n<\/ul>\n<p>Estos libros son los \u00fanicos considerados libros oficiales, sin embargo, los capitanes y propietarios\/operadores podr\u00e1n utilizar libros no oficiales siempre que exista una autorizaci\u00f3n previa de la Direcci\u00f3n General de Marina Mercante (por ejemplo, por motivos de escasez) y estos libros est\u00e9n abiertos y legalizados por el Consulado de Panam\u00e1 en Kobe como los siguientes ejemplos:<\/p>\n<ul>\n<li>Libro de registro de cubierta<\/li>\n<li>Libro de registro del motor<\/li>\n<li>Libro de registro de basura<\/li>\n<li>Libro de registro de lastre<\/li>\n<\/ul>\n<p>Nuestras oficinas de Kobe e Imabari cuentan con un stock de los siguientes libros mar\u00edtimos oficiales:<\/p>\t\t\t\t\t\t\t\t<\/div>\n\t\t\t\t<\/div>\n\t\t\t\t<div class=\"elementor-element elementor-element-8764266 elementor-widget__width-initial elementor-invisible elementor-widget elementor-widget-text-editor\" data-id=\"8764266\" data-element_type=\"widget\" data-e-type=\"widget\" data-settings=\"{&quot;_animation&quot;:&quot;fadeInDown&quot;}\" data-widget_type=\"text-editor.default\">\n\t\t\t\t<div class=\"elementor-widget-container\">\n\t\t\t\t\t\t\t\t\t<p><strong>Por favor env\u00ede cualquier solicitud de estos servicios a la siguiente direcci\u00f3n de correo electr\u00f3nico o tel\u00e9fono:\u00a0<\/strong><\/p><p><strong>mar-tech@panakobeconsulate.jp \/ segumar@segumarimabari.jp \/ +81783923361\/62<\/strong><\/p>\t\t\t\t\t\t\t\t<\/div>\n\t\t\t\t<\/div>\n\t\t\t\t\t<\/div>\n\t\t<\/div>\n\t\t\t\t<div class=\"elementor-column elementor-col-33 elementor-top-column elementor-element elementor-element-fd1f6dd\" data-id=\"fd1f6dd\" data-element_type=\"column\" data-e-type=\"column\">\n\t\t\t<div class=\"elementor-widget-wrap elementor-element-populated\">\n\t\t\t\t\t\t<div class=\"elementor-element elementor-element-a0ca5cb elementor-widget elementor-widget-spacer\" data-id=\"a0ca5cb\" data-element_type=\"widget\" data-e-type=\"widget\" data-widget_type=\"spacer.default\">\n\t\t\t\t<div class=\"elementor-widget-container\">\n\t\t\t\t\t\t\t<div class=\"elementor-spacer\">\n\t\t\t<div class=\"elementor-spacer-inner\"><\/div>\n\t\t<\/div>\n\t\t\t\t\t\t<\/div>\n\t\t\t\t<\/div>\n\t\t\t\t<div class=\"elementor-element elementor-element-934a6bd elementor-widget__width-initial elementor-invisible elementor-widget elementor-widget-image\" data-id=\"934a6bd\" data-element_type=\"widget\" data-e-type=\"widget\" data-settings=\"{&quot;_animation&quot;:&quot;fadeInDown&quot;}\" data-widget_type=\"image.default\">\n\t\t\t\t<div class=\"elementor-widget-container\">\n\t\t\t\t\t\t\t\t\t\t\t\t\t\t\t<img fetchpriority=\"high\" decoding=\"async\" width=\"800\" height=\"1131\" src=\"https:\/\/panakobeconsulate.jp\/wp-content\/uploads\/2023\/09\/CREW-LOG-BOOK.png\" class=\"elementor-animation-grow attachment-full size-full wp-image-1235\" alt=\"\" srcset=\"https:\/\/panakobeconsulate.jp\/wp-content\/uploads\/2023\/09\/CREW-LOG-BOOK.png 800w, https:\/\/panakobeconsulate.jp\/wp-content\/uploads\/2023\/09\/CREW-LOG-BOOK-212x300.png 212w, https:\/\/panakobeconsulate.jp\/wp-content\/uploads\/2023\/09\/CREW-LOG-BOOK-724x1024.png 724w, https:\/\/panakobeconsulate.jp\/wp-content\/uploads\/2023\/09\/CREW-LOG-BOOK-768x1086.png 768w, https:\/\/panakobeconsulate.jp\/wp-content\/uploads\/2023\/09\/CREW-LOG-BOOK-8x12.png 8w\" sizes=\"(max-width: 800px) 100vw, 800px\" \/>\t\t\t\t\t\t\t\t\t\t\t\t\t\t\t<\/div>\n\t\t\t\t<\/div>\n\t\t\t\t<div class=\"elementor-element elementor-element-345a08f elementor-widget__width-initial elementor-invisible elementor-widget elementor-widget-heading\" data-id=\"345a08f\" data-element_type=\"widget\" data-e-type=\"widget\" data-settings=\"{&quot;_animation&quot;:&quot;fadeInDown&quot;}\" data-widget_type=\"heading.default\">\n\t\t\t\t<div class=\"elementor-widget-container\">\n\t\t\t\t\t<h2 class=\"elementor-heading-title elementor-size-default\">LIBRO DE ROLLO DE TRIPULACI\u00d3N<\/h2>\t\t\t\t<\/div>\n\t\t\t\t<\/div>\n\t\t\t\t<div class=\"elementor-element elementor-element-bf25d43 elementor-widget__width-initial elementor-invisible elementor-widget elementor-widget-image\" data-id=\"bf25d43\" data-element_type=\"widget\" data-e-type=\"widget\" data-settings=\"{&quot;_animation&quot;:&quot;fadeInUp&quot;}\" data-widget_type=\"image.default\">\n\t\t\t\t<div class=\"elementor-widget-container\">\n\t\t\t\t\t\t\t\t\t\t\t\t\t\t\t<img decoding=\"async\" width=\"724\" height=\"1024\" src=\"https:\/\/panakobeconsulate.jp\/wp-content\/uploads\/2023\/09\/OIL-RECORD-BOOK-NEW-EDITION-2023-724x1024.png\" class=\"elementor-animation-grow attachment-large size-large wp-image-1233\" alt=\"\" srcset=\"https:\/\/panakobeconsulate.jp\/wp-content\/uploads\/2023\/09\/OIL-RECORD-BOOK-NEW-EDITION-2023-724x1024.png 724w, https:\/\/panakobeconsulate.jp\/wp-content\/uploads\/2023\/09\/OIL-RECORD-BOOK-NEW-EDITION-2023-212x300.png 212w, https:\/\/panakobeconsulate.jp\/wp-content\/uploads\/2023\/09\/OIL-RECORD-BOOK-NEW-EDITION-2023-768x1086.png 768w, https:\/\/panakobeconsulate.jp\/wp-content\/uploads\/2023\/09\/OIL-RECORD-BOOK-NEW-EDITION-2023-8x12.png 8w, https:\/\/panakobeconsulate.jp\/wp-content\/uploads\/2023\/09\/OIL-RECORD-BOOK-NEW-EDITION-2023.png 800w\" sizes=\"(max-width: 724px) 100vw, 724px\" \/>\t\t\t\t\t\t\t\t\t\t\t\t\t\t\t<\/div>\n\t\t\t\t<\/div>\n\t\t\t\t<div class=\"elementor-element elementor-element-0743188 elementor-widget__width-initial elementor-invisible elementor-widget elementor-widget-heading\" data-id=\"0743188\" data-element_type=\"widget\" data-e-type=\"widget\" data-settings=\"{&quot;_animation&quot;:&quot;fadeInUp&quot;}\" data-widget_type=\"heading.default\">\n\t\t\t\t<div class=\"elementor-widget-container\">\n\t\t\t\t\t<h2 class=\"elementor-heading-title elementor-size-default\">LIBRO REGISTRO DE PETR\u00d3LEO Y EMISIONES<\/h2>\t\t\t\t<\/div>\n\t\t\t\t<\/div>\n\t\t\t\t<div class=\"elementor-element elementor-element-2a4bc09 elementor-widget__width-initial elementor-hidden-desktop elementor-invisible elementor-widget elementor-widget-image\" data-id=\"2a4bc09\" data-element_type=\"widget\" data-e-type=\"widget\" data-settings=\"{&quot;_animation&quot;:&quot;fadeInRight&quot;}\" data-widget_type=\"image.default\">\n\t\t\t\t<div class=\"elementor-widget-container\">\n\t\t\t\t\t\t\t\t\t\t\t\t\t\t\t<img decoding=\"async\" width=\"724\" height=\"1024\" src=\"https:\/\/panakobeconsulate.jp\/wp-content\/uploads\/2023\/09\/OFFICIAL-LOG-BOOK-724x1024.png\" class=\"elementor-animation-grow attachment-large size-large wp-image-1234\" alt=\"\" srcset=\"https:\/\/panakobeconsulate.jp\/wp-content\/uploads\/2023\/09\/OFFICIAL-LOG-BOOK-724x1024.png 724w, https:\/\/panakobeconsulate.jp\/wp-content\/uploads\/2023\/09\/OFFICIAL-LOG-BOOK-212x300.png 212w, https:\/\/panakobeconsulate.jp\/wp-content\/uploads\/2023\/09\/OFFICIAL-LOG-BOOK-768x1086.png 768w, https:\/\/panakobeconsulate.jp\/wp-content\/uploads\/2023\/09\/OFFICIAL-LOG-BOOK-8x12.png 8w, https:\/\/panakobeconsulate.jp\/wp-content\/uploads\/2023\/09\/OFFICIAL-LOG-BOOK.png 800w\" sizes=\"(max-width: 724px) 100vw, 724px\" \/>\t\t\t\t\t\t\t\t\t\t\t\t\t\t\t<\/div>\n\t\t\t\t<\/div>\n\t\t\t\t<div class=\"elementor-element elementor-element-1e0cac3 elementor-widget__width-initial elementor-hidden-desktop elementor-invisible elementor-widget elementor-widget-heading\" data-id=\"1e0cac3\" data-element_type=\"widget\" data-e-type=\"widget\" data-settings=\"{&quot;_animation&quot;:&quot;fadeInDown&quot;}\" data-widget_type=\"heading.default\">\n\t\t\t\t<div class=\"elementor-widget-container\">\n\t\t\t\t\t<h2 class=\"elementor-heading-title elementor-size-default\">LIBRO DE TRIPULACI\u00d3N DEL BUQUE<\/h2>\t\t\t\t<\/div>\n\t\t\t\t<\/div>\n\t\t\t\t\t<\/div>\n\t\t<\/div>\n\t\t\t\t<div class=\"elementor-column elementor-col-33 elementor-top-column elementor-element elementor-element-e870cd9 elementor-hidden-tablet elementor-hidden-mobile\" data-id=\"e870cd9\" data-element_type=\"column\" data-e-type=\"column\">\n\t\t\t<div class=\"elementor-widget-wrap elementor-element-populated\">\n\t\t\t\t\t\t<div class=\"elementor-element elementor-element-a2d347f elementor-widget elementor-widget-spacer\" data-id=\"a2d347f\" data-element_type=\"widget\" data-e-type=\"widget\" data-widget_type=\"spacer.default\">\n\t\t\t\t<div class=\"elementor-widget-container\">\n\t\t\t\t\t\t\t<div class=\"elementor-spacer\">\n\t\t\t<div class=\"elementor-spacer-inner\"><\/div>\n\t\t<\/div>\n\t\t\t\t\t\t<\/div>\n\t\t\t\t<\/div>\n\t\t\t\t<div class=\"elementor-element elementor-element-1306065 elementor-widget__width-initial elementor-invisible elementor-widget elementor-widget-image\" data-id=\"1306065\" data-element_type=\"widget\" data-e-type=\"widget\" data-settings=\"{&quot;_animation&quot;:&quot;fadeInRight&quot;}\" data-widget_type=\"image.default\">\n\t\t\t\t<div class=\"elementor-widget-container\">\n\t\t\t\t\t\t\t\t\t\t\t\t\t\t\t<img decoding=\"async\" width=\"724\" height=\"1024\" src=\"https:\/\/panakobeconsulate.jp\/wp-content\/uploads\/2023\/09\/OFFICIAL-LOG-BOOK-724x1024.png\" class=\"elementor-animation-grow attachment-large size-large wp-image-1234\" alt=\"\" srcset=\"https:\/\/panakobeconsulate.jp\/wp-content\/uploads\/2023\/09\/OFFICIAL-LOG-BOOK-724x1024.png 724w, https:\/\/panakobeconsulate.jp\/wp-content\/uploads\/2023\/09\/OFFICIAL-LOG-BOOK-212x300.png 212w, https:\/\/panakobeconsulate.jp\/wp-content\/uploads\/2023\/09\/OFFICIAL-LOG-BOOK-768x1086.png 768w, https:\/\/panakobeconsulate.jp\/wp-content\/uploads\/2023\/09\/OFFICIAL-LOG-BOOK-8x12.png 8w, https:\/\/panakobeconsulate.jp\/wp-content\/uploads\/2023\/09\/OFFICIAL-LOG-BOOK.png 800w\" sizes=\"(max-width: 724px) 100vw, 724px\" \/>\t\t\t\t\t\t\t\t\t\t\t\t\t\t\t<\/div>\n\t\t\t\t<\/div>\n\t\t\t\t<div class=\"elementor-element elementor-element-5293085 elementor-widget__width-initial elementor-invisible elementor-widget elementor-widget-heading\" data-id=\"5293085\" data-element_type=\"widget\" data-e-type=\"widget\" data-settings=\"{&quot;_animation&quot;:&quot;fadeInDown&quot;}\" data-widget_type=\"heading.default\">\n\t\t\t\t<div class=\"elementor-widget-container\">\n\t\t\t\t\t<h2 class=\"elementor-heading-title elementor-size-default\">LIBRO DE TRIPULACI\u00d3N DEL BUQUE<\/h2>\t\t\t\t<\/div>\n\t\t\t\t<\/div>\n\t\t\t\t\t<\/div>\n\t\t<\/div>\n\t\t\t\t\t<\/div>\n\t\t<\/section>\n\t\t\t\t<\/div>","protected":false},"excerpt":{"rendered":"<p>LIBROS DE BIT\u00c1CORA MAR\u00cdTIMA Y LIBROS DE TRIPULACI\u00d3N La normativa paname\u00f1a exige que a bordo de todo buque de bandera paname\u00f1a se encuentren los siguientes libros: Libro de Bit\u00e1cora Oficial; Libro de Registro de Tripulaciones del Buque; Libro de Registro de Hidrocarburos y Emisiones. Estos libros son los \u00fanicos considerados como libros oficiales, sin embargo, los Capitanes y propietarios\/operadores podr\u00e1n utilizar libros no oficiales siempre y cuando exista [\u2026]<\/p>","protected":false},"author":1,"featured_media":0,"parent":0,"menu_order":0,"comment_status":"closed","ping_status":"closed","template":"","meta":{"_uf_show_specific_survey":0,"_uf_disable_surveys":false,"site-sidebar-layout":"no-sidebar","site-content-layout":"page-builder","ast-site-content-layout":"default","site-content-style":"default","site-sidebar-style":"default","ast-global-header-display":"","ast-banner-title-visibility":"","ast-main-header-display":"","ast-hfb-above-header-display":"","ast-hfb-below-header-display":"","ast-hfb-mobile-header-display":"","site-post-title":"disabled","ast-breadcrumbs-content":"","ast-featured-img":"disabled","footer-sml-layout":"","ast-disable-related-posts":"","theme-transparent-header-meta":"","adv-header-id-meta":"","stick-header-meta":"","header-above-stick-meta":"","header-main-stick-meta":"","header-below-stick-meta":"","astra-migrate-meta-layouts":"default","ast-page-background-enabled":"default","ast-page-background-meta":{"desktop":{"background-color":"var(--ast-global-color-4)","background-image":"","background-repeat":"repeat","background-position":"center center","background-size":"auto","background-attachment":"scroll","background-type":"","background-media":"","overlay-type":"","overlay-color":"","overlay-opacity":"","overlay-gradient":""},"tablet":{"background-color":"","background-image":"","background-repeat":"repeat","background-position":"center center","background-size":"auto","background-attachment":"scroll","background-type":"","background-media":"","overlay-type":"","overlay-color":"","overlay-opacity":"","overlay-gradient":""},"mobile":{"background-color":"","background-image":"","background-repeat":"repeat","background-position":"center center","background-size":"auto","background-attachment":"scroll","background-type":"","background-media":"","overlay-type":"","overlay-color":"","overlay-opacity":"","overlay-gradient":""}},"ast-content-background-meta":{"desktop":{"background-color":"var(--ast-global-color-5)","background-image":"","background-repeat":"repeat","background-position":"center center","background-size":"auto","background-attachment":"scroll","background-type":"","background-media":"","overlay-type":"","overlay-color":"","overlay-opacity":"","overlay-gradient":""},"tablet":{"background-color":"var(--ast-global-color-5)","background-image":"","background-repeat":"repeat","background-position":"center center","background-size":"auto","background-attachment":"scroll","background-type":"","background-media":"","overlay-type":"","overlay-color":"","overlay-opacity":"","overlay-gradient":""},"mobile":{"background-color":"var(--ast-global-color-5)","background-image":"","background-repeat":"repeat","background-position":"center center","background-size":"auto","background-attachment":"scroll","background-type":"","background-media":"","overlay-type":"","overlay-color":"","overlay-opacity":"","overlay-gradient":""}},"footnotes":""},"class_list":["post-34","page","type-page","status-publish","hentry"],"yoast_head":"<!-- This site is optimized with the Yoast SEO Premium plugin v26.5 (Yoast SEO v26.5) - https:\/\/yoast.com\/wordpress\/plugins\/seo\/ -->\n<title>Maritime Logbooks and Crew Roll books - Consulado General de Panama en Kobe, Jap\u00f3n<\/title>\n<meta name=\"robots\" content=\"index, follow, max-snippet:-1, max-image-preview:large, max-video-preview:-1\" \/>\n<link rel=\"canonical\" href=\"https:\/\/panakobeconsulate.jp\/es\/maritime-logbooks-and-crew-roll-books\/\" \/>\n<meta property=\"og:locale\" content=\"es_ES\" \/>\n<meta property=\"og:type\" content=\"article\" \/>\n<meta property=\"og:title\" content=\"Maritime Logbooks and Crew Roll books\" \/>\n<meta property=\"og:description\" content=\"MARITIME LOGBOOKS AND CREW ROLL BOOKS Panamanian regulations require the following books to be on board every Panamanian flag vessel: Official Log Book Vessel Crew Logbook; Oil Record Book and Emissions. These books are the only ones considered to be official books, however, Masters and owners\/operators may use non-official books as long as there is [&hellip;]\" \/>\n<meta property=\"og:url\" content=\"https:\/\/panakobeconsulate.jp\/es\/maritime-logbooks-and-crew-roll-books\/\" \/>\n<meta property=\"og:site_name\" content=\"Consulado General de Panama en Kobe, Jap\u00f3n\" \/>\n<meta property=\"article:modified_time\" content=\"2025-12-08T18:10:43+00:00\" \/>\n<meta property=\"og:image\" content=\"https:\/\/panakobeconsulate.jp\/wp-content\/uploads\/2023\/09\/CREW-LOG-BOOK.png\" \/>\n\t<meta property=\"og:image:width\" content=\"800\" \/>\n\t<meta property=\"og:image:height\" content=\"1131\" \/>\n\t<meta property=\"og:image:type\" content=\"image\/png\" \/>\n<meta name=\"twitter:card\" content=\"summary_large_image\" \/>\n<meta name=\"twitter:label1\" content=\"Tiempo de lectura\" \/>\n\t<meta name=\"twitter:data1\" content=\"2 minutos\" \/>\n<script type=\"application\/ld+json\" class=\"yoast-schema-graph\">{\"@context\":\"https:\/\/schema.org\",\"@graph\":[{\"@type\":\"WebPage\",\"@id\":\"https:\/\/panakobeconsulate.jp\/maritime-logbooks-and-crew-roll-books\/\",\"url\":\"https:\/\/panakobeconsulate.jp\/maritime-logbooks-and-crew-roll-books\/\",\"name\":\"Maritime Logbooks and Crew Roll books - Consulado General de Panama en Kobe, Jap\u00f3n\",\"isPartOf\":{\"@id\":\"https:\/\/panakobeconsulate.jp\/ja\/#website\"},\"primaryImageOfPage\":{\"@id\":\"https:\/\/panakobeconsulate.jp\/maritime-logbooks-and-crew-roll-books\/#primaryimage\"},\"image\":{\"@id\":\"https:\/\/panakobeconsulate.jp\/maritime-logbooks-and-crew-roll-books\/#primaryimage\"},\"thumbnailUrl\":\"https:\/\/panakobeconsulate.jp\/wp-content\/uploads\/2023\/09\/CREW-LOG-BOOK.png\",\"datePublished\":\"2023-08-21T05:15:22+00:00\",\"dateModified\":\"2025-12-08T18:10:43+00:00\",\"breadcrumb\":{\"@id\":\"https:\/\/panakobeconsulate.jp\/maritime-logbooks-and-crew-roll-books\/#breadcrumb\"},\"inLanguage\":\"es\",\"potentialAction\":[{\"@type\":\"ReadAction\",\"target\":[\"https:\/\/panakobeconsulate.jp\/maritime-logbooks-and-crew-roll-books\/\"]}]},{\"@type\":\"ImageObject\",\"inLanguage\":\"es\",\"@id\":\"https:\/\/panakobeconsulate.jp\/maritime-logbooks-and-crew-roll-books\/#primaryimage\",\"url\":\"https:\/\/panakobeconsulate.jp\/wp-content\/uploads\/2023\/09\/CREW-LOG-BOOK.png\",\"contentUrl\":\"https:\/\/panakobeconsulate.jp\/wp-content\/uploads\/2023\/09\/CREW-LOG-BOOK.png\"},{\"@type\":\"BreadcrumbList\",\"@id\":\"https:\/\/panakobeconsulate.jp\/maritime-logbooks-and-crew-roll-books\/#breadcrumb\",\"itemListElement\":[{\"@type\":\"ListItem\",\"position\":1,\"name\":\"Portada\",\"item\":\"https:\/\/panakobeconsulate.jp\/ja\/\"},{\"@type\":\"ListItem\",\"position\":2,\"name\":\"Maritime Logbooks and Crew Roll books\"}]},{\"@type\":\"WebSite\",\"@id\":\"https:\/\/panakobeconsulate.jp\/ja\/#website\",\"url\":\"https:\/\/panakobeconsulate.jp\/ja\/\",\"name\":\"Consulado General de Panama en Kobe, Jap\u00f3n\",\"description\":\"Consulado Panama\",\"publisher\":{\"@id\":\"https:\/\/panakobeconsulate.jp\/ja\/#organization\"},\"potentialAction\":[{\"@type\":\"SearchAction\",\"target\":{\"@type\":\"EntryPoint\",\"urlTemplate\":\"https:\/\/panakobeconsulate.jp\/ja\/?s={search_term_string}\"},\"query-input\":{\"@type\":\"PropertyValueSpecification\",\"valueRequired\":true,\"valueName\":\"search_term_string\"}}],\"inLanguage\":\"es\"},{\"@type\":\"Organization\",\"@id\":\"https:\/\/panakobeconsulate.jp\/ja\/#organization\",\"name\":\"Consulado General de Panama en Kobe, Jap\u00f3n\",\"url\":\"https:\/\/panakobeconsulate.jp\/ja\/\",\"logo\":{\"@type\":\"ImageObject\",\"inLanguage\":\"es\",\"@id\":\"https:\/\/panakobeconsulate.jp\/ja\/#\/schema\/logo\/image\/\",\"url\":\"https:\/\/panakobeconsulate.jp\/wp-content\/uploads\/2023\/08\/LOGO-MINREX-150.png\",\"contentUrl\":\"https:\/\/panakobeconsulate.jp\/wp-content\/uploads\/2023\/08\/LOGO-MINREX-150.png\",\"width\":518,\"height\":150,\"caption\":\"Consulado General de Panama en Kobe, Jap\u00f3n\"},\"image\":{\"@id\":\"https:\/\/panakobeconsulate.jp\/ja\/#\/schema\/logo\/image\/\"}}]}<\/script>\n<!-- \/ Yoast SEO Premium plugin. -->","yoast_head_json":{"title":"Maritime Logbooks and Crew Roll books - Consulado General de Panama en Kobe, Jap\u00f3n","robots":{"index":"index","follow":"follow","max-snippet":"max-snippet:-1","max-image-preview":"max-image-preview:large","max-video-preview":"max-video-preview:-1"},"canonical":"https:\/\/panakobeconsulate.jp\/es\/maritime-logbooks-and-crew-roll-books\/","og_locale":"es_ES","og_type":"article","og_title":"Maritime Logbooks and Crew Roll books","og_description":"MARITIME LOGBOOKS AND CREW ROLL BOOKS Panamanian regulations require the following books to be on board every Panamanian flag vessel: Official Log Book Vessel Crew Logbook; Oil Record Book and Emissions. These books are the only ones considered to be official books, however, Masters and owners\/operators may use non-official books as long as there is [&hellip;]","og_url":"https:\/\/panakobeconsulate.jp\/es\/maritime-logbooks-and-crew-roll-books\/","og_site_name":"Consulado General de Panama en Kobe, Jap\u00f3n","article_modified_time":"2025-12-08T18:10:43+00:00","og_image":[{"width":800,"height":1131,"url":"https:\/\/panakobeconsulate.jp\/wp-content\/uploads\/2023\/09\/CREW-LOG-BOOK.png","type":"image\/png"}],"twitter_card":"summary_large_image","twitter_misc":{"Tiempo de lectura":"2 minutos"},"schema":{"@context":"https:\/\/schema.org","@graph":[{"@type":"WebPage","@id":"https:\/\/panakobeconsulate.jp\/maritime-logbooks-and-crew-roll-books\/","url":"https:\/\/panakobeconsulate.jp\/maritime-logbooks-and-crew-roll-books\/","name":"Maritime Logbooks and Crew Roll books - Consulado General de Panama en Kobe, Jap\u00f3n","isPartOf":{"@id":"https:\/\/panakobeconsulate.jp\/ja\/#website"},"primaryImageOfPage":{"@id":"https:\/\/panakobeconsulate.jp\/maritime-logbooks-and-crew-roll-books\/#primaryimage"},"image":{"@id":"https:\/\/panakobeconsulate.jp\/maritime-logbooks-and-crew-roll-books\/#primaryimage"},"thumbnailUrl":"https:\/\/panakobeconsulate.jp\/wp-content\/uploads\/2023\/09\/CREW-LOG-BOOK.png","datePublished":"2023-08-21T05:15:22+00:00","dateModified":"2025-12-08T18:10:43+00:00","breadcrumb":{"@id":"https:\/\/panakobeconsulate.jp\/maritime-logbooks-and-crew-roll-books\/#breadcrumb"},"inLanguage":"es","potentialAction":[{"@type":"ReadAction","target":["https:\/\/panakobeconsulate.jp\/maritime-logbooks-and-crew-roll-books\/"]}]},{"@type":"ImageObject","inLanguage":"es","@id":"https:\/\/panakobeconsulate.jp\/maritime-logbooks-and-crew-roll-books\/#primaryimage","url":"https:\/\/panakobeconsulate.jp\/wp-content\/uploads\/2023\/09\/CREW-LOG-BOOK.png","contentUrl":"https:\/\/panakobeconsulate.jp\/wp-content\/uploads\/2023\/09\/CREW-LOG-BOOK.png"},{"@type":"BreadcrumbList","@id":"https:\/\/panakobeconsulate.jp\/maritime-logbooks-and-crew-roll-books\/#breadcrumb","itemListElement":[{"@type":"ListItem","position":1,"name":"Portada","item":"https:\/\/panakobeconsulate.jp\/ja\/"},{"@type":"ListItem","position":2,"name":"Maritime Logbooks and Crew Roll books"}]},{"@type":"WebSite","@id":"https:\/\/panakobeconsulate.jp\/ja\/#website","url":"https:\/\/panakobeconsulate.jp\/ja\/","name":"Consulado General de Panama en Kobe, Jap\u00f3n","description":"Consulado Panama","publisher":{"@id":"https:\/\/panakobeconsulate.jp\/ja\/#organization"},"potentialAction":[{"@type":"SearchAction","target":{"@type":"EntryPoint","urlTemplate":"https:\/\/panakobeconsulate.jp\/ja\/?s={search_term_string}"},"query-input":{"@type":"PropertyValueSpecification","valueRequired":true,"valueName":"search_term_string"}}],"inLanguage":"es"},{"@type":"Organization","@id":"https:\/\/panakobeconsulate.jp\/ja\/#organization","name":"Consulado General de Panama en Kobe, Jap\u00f3n","url":"https:\/\/panakobeconsulate.jp\/ja\/","logo":{"@type":"ImageObject","inLanguage":"es","@id":"https:\/\/panakobeconsulate.jp\/ja\/#\/schema\/logo\/image\/","url":"https:\/\/panakobeconsulate.jp\/wp-content\/uploads\/2023\/08\/LOGO-MINREX-150.png","contentUrl":"https:\/\/panakobeconsulate.jp\/wp-content\/uploads\/2023\/08\/LOGO-MINREX-150.png","width":518,"height":150,"caption":"Consulado General de Panama en Kobe, Jap\u00f3n"},"image":{"@id":"https:\/\/panakobeconsulate.jp\/ja\/#\/schema\/logo\/image\/"}}]}},"_links":{"self":[{"href":"https:\/\/panakobeconsulate.jp\/es\/wp-json\/wp\/v2\/pages\/34","targetHints":{"allow":["GET"]}}],"collection":[{"href":"https:\/\/panakobeconsulate.jp\/es\/wp-json\/wp\/v2\/pages"}],"about":[{"href":"https:\/\/panakobeconsulate.jp\/es\/wp-json\/wp\/v2\/types\/page"}],"author":[{"embeddable":true,"href":"https:\/\/panakobeconsulate.jp\/es\/wp-json\/wp\/v2\/users\/1"}],"replies":[{"embeddable":true,"href":"https:\/\/panakobeconsulate.jp\/es\/wp-json\/wp\/v2\/comments?post=34"}],"version-history":[{"count":67,"href":"https:\/\/panakobeconsulate.jp\/es\/wp-json\/wp\/v2\/pages\/34\/revisions"}],"predecessor-version":[{"id":3236,"href":"https:\/\/panakobeconsulate.jp\/es\/wp-json\/wp\/v2\/pages\/34\/revisions\/3236"}],"wp:attachment":[{"href":"https:\/\/panakobeconsulate.jp\/es\/wp-json\/wp\/v2\/media?parent=34"}],"curies":[{"name":"wp","href":"https:\/\/api.w.org\/{rel}","templated":true}]}}