{"id":22,"date":"2023-08-21T00:09:10","date_gmt":"2023-08-21T00:09:10","guid":{"rendered":"https:\/\/panakobeconsulate.jp\/?page_id=22"},"modified":"2024-10-25T06:49:32","modified_gmt":"2024-10-24T22:49:32","slug":"registration","status":"publish","type":"page","link":"https:\/\/panakobeconsulate.jp\/es\/registration\/","title":{"rendered":"Registro"},"content":{"rendered":"<div data-elementor-type=\"wp-page\" data-elementor-id=\"22\" class=\"elementor elementor-22\" data-elementor-post-type=\"page\">\n\t\t\t\t\t\t<section class=\"elementor-section elementor-top-section elementor-element elementor-element-6cf614d elementor-section-boxed elementor-section-height-default elementor-section-height-default\" data-id=\"6cf614d\" data-element_type=\"section\" data-e-type=\"section\">\n\t\t\t\t\t\t<div class=\"elementor-container elementor-column-gap-default\">\n\t\t\t\t\t<div class=\"elementor-column elementor-col-50 elementor-top-column elementor-element elementor-element-fa84909\" data-id=\"fa84909\" data-element_type=\"column\" data-e-type=\"column\">\n\t\t\t<div class=\"elementor-widget-wrap elementor-element-populated\">\n\t\t\t\t\t\t<div class=\"elementor-element elementor-element-ed49eaf elementor-widget elementor-widget-spacer\" data-id=\"ed49eaf\" data-element_type=\"widget\" data-e-type=\"widget\" data-widget_type=\"spacer.default\">\n\t\t\t\t<div class=\"elementor-widget-container\">\n\t\t\t\t\t\t\t<div class=\"elementor-spacer\">\n\t\t\t<div class=\"elementor-spacer-inner\"><\/div>\n\t\t<\/div>\n\t\t\t\t\t\t<\/div>\n\t\t\t\t<\/div>\n\t\t\t\t<div class=\"elementor-element elementor-element-180a101 elementor-widget__width-initial elementor-invisible elementor-widget elementor-widget-heading\" data-id=\"180a101\" data-element_type=\"widget\" data-e-type=\"widget\" data-settings=\"{&quot;_animation&quot;:&quot;fadeInDown&quot;}\" data-widget_type=\"heading.default\">\n\t\t\t\t<div class=\"elementor-widget-container\">\n\t\t\t\t\t<h2 class=\"elementor-heading-title elementor-size-default\">INSCRIPCIONES<\/h2>\t\t\t\t<\/div>\n\t\t\t\t<\/div>\n\t\t\t\t<div class=\"elementor-element elementor-element-1a1e55d elementor-widget__width-initial elementor-invisible elementor-widget elementor-widget-text-editor\" data-id=\"1a1e55d\" data-element_type=\"widget\" data-e-type=\"widget\" data-settings=\"{&quot;_animation&quot;:&quot;fadeInUp&quot;}\" data-widget_type=\"text-editor.default\">\n\t\t\t\t<div class=\"elementor-widget-container\">\n\t\t\t\t\t\t\t\t\t<p><strong>Paname\u00f1os que viven en el oeste de Jap\u00f3n<\/strong><\/p>\t\t\t\t\t\t\t\t<\/div>\n\t\t\t\t<\/div>\n\t\t\t\t<div class=\"elementor-element elementor-element-93a7492 elementor-widget__width-initial elementor-invisible elementor-widget elementor-widget-text-editor\" data-id=\"93a7492\" data-element_type=\"widget\" data-e-type=\"widget\" data-settings=\"{&quot;_animation&quot;:&quot;fadeInUp&quot;}\" data-widget_type=\"text-editor.default\">\n\t\t\t\t<div class=\"elementor-widget-container\">\n\t\t\t\t\t\t\t\t\t<p>Todos los ciudadanos paname\u00f1os residentes en el oeste de Jap\u00f3n deben registrarse en nuestro<br \/>Oficina. Este registro facilitar\u00e1 la tarea de nuestra oficina cuando se requiera alguna asistencia.<br \/>requerido en particular para las siguientes tareas:<\/p><ul><li>Renovaci\u00f3n de pasaportes.<\/li><li>Notificaci\u00f3n a familiares en Panam\u00e1 en caso de emergencia.<\/li><\/ul><div>\u00bfC\u00f3mo registrarse?<\/div><ol><li>Imprima el siguiente formulario de registro.<\/li><li>Llene el formulario y adjunte la fotograf\u00eda y la fotocopia del DNI y Pasaporte paname\u00f1o.<\/li><li>Tr\u00e1elo personalmente al Consulado o env\u00edalo por correo electr\u00f3nico al siguiente correo electr\u00f3nico:<\/li><\/ol><p><a href=\"mailto:info@panakobeconsulate.jp\"><strong>info@panakobeconsulate.jp<\/strong><\/a><\/p>\t\t\t\t\t\t\t\t<\/div>\n\t\t\t\t<\/div>\n\t\t\t\t\t<\/div>\n\t\t<\/div>\n\t\t\t\t<div class=\"elementor-column elementor-col-50 elementor-top-column elementor-element elementor-element-8d275f1 elementor-hidden-tablet elementor-hidden-mobile elementor-invisible\" data-id=\"8d275f1\" data-element_type=\"column\" data-e-type=\"column\" data-settings=\"{&quot;background_background&quot;:&quot;classic&quot;,&quot;animation&quot;:&quot;fadeIn&quot;}\">\n\t\t\t<div class=\"elementor-widget-wrap elementor-element-populated\">\n\t\t\t\t\t\t<div class=\"elementor-element elementor-element-5d48548 elementor-widget elementor-widget-spacer\" data-id=\"5d48548\" data-element_type=\"widget\" data-e-type=\"widget\" data-widget_type=\"spacer.default\">\n\t\t\t\t<div class=\"elementor-widget-container\">\n\t\t\t\t\t\t\t<div class=\"elementor-spacer\">\n\t\t\t<div class=\"elementor-spacer-inner\"><\/div>\n\t\t<\/div>\n\t\t\t\t\t\t<\/div>\n\t\t\t\t<\/div>\n\t\t\t\t\t<\/div>\n\t\t<\/div>\n\t\t\t\t\t<\/div>\n\t\t<\/section>\n\t\t\t\t<section class=\"elementor-section elementor-top-section elementor-element elementor-element-b0bf19f elementor-section-boxed elementor-section-height-default elementor-section-height-default\" data-id=\"b0bf19f\" data-element_type=\"section\" data-e-type=\"section\">\n\t\t\t\t\t\t<div class=\"elementor-container elementor-column-gap-default\">\n\t\t\t\t\t<div class=\"elementor-column elementor-col-100 elementor-top-column elementor-element elementor-element-fc4228d\" data-id=\"fc4228d\" data-element_type=\"column\" data-e-type=\"column\">\n\t\t\t<div class=\"elementor-widget-wrap elementor-element-populated\">\n\t\t\t\t\t\t<div class=\"elementor-element elementor-element-d26b851 elementor-widget__width-initial elementor-invisible elementor-widget elementor-widget-text-editor\" data-id=\"d26b851\" data-element_type=\"widget\" data-e-type=\"widget\" data-settings=\"{&quot;_animation&quot;:&quot;fadeInUp&quot;}\" data-widget_type=\"text-editor.default\">\n\t\t\t\t<div class=\"elementor-widget-container\">\n\t\t\t\t\t\t\t\t\t<p><strong>Registro de Nacimiento de un Paname\u00f1o en el Oeste de Jap\u00f3n.<\/strong><\/p>\t\t\t\t\t\t\t\t<\/div>\n\t\t\t\t<\/div>\n\t\t\t\t<div class=\"elementor-element elementor-element-ef85fac elementor-widget__width-initial elementor-invisible elementor-widget elementor-widget-text-editor\" data-id=\"ef85fac\" data-element_type=\"widget\" data-e-type=\"widget\" data-settings=\"{&quot;_animation&quot;:&quot;fadeInUp&quot;}\" data-widget_type=\"text-editor.default\">\n\t\t\t\t<div class=\"elementor-widget-container\">\n\t\t\t\t\t\t\t\t\t<p>Todo paname\u00f1o nacido dentro del circuito consular del Consulado General de la Rep\u00fablica de Panam\u00e1 en Kobe, Jap\u00f3n (Fukui, Kinki, Chugoku, Shikoku y Kyushu) deber\u00e1 solicitar su registro como paname\u00f1o ante nuestro Tribunal Electoral mediante los siguientes requisitos:<\/p><ol><li>Acta de Nacimiento del ni\u00f1o, expedida por el Registro Municipal y con Apostilla del MOFA.<\/li><li>Traducci\u00f3n al espa\u00f1ol del Acta de Nacimiento y Apostilla por traductor p\u00fablico certificado (El Consulado deber\u00e1 autentificar la traducci\u00f3n).<\/li><li>Declaraci\u00f3n del padre, declaraci\u00f3n jurada del padre declarando que es el padre biol\u00f3gico y adem\u00e1s que el registro no se basa en un proceso de adopci\u00f3n (muestra de la carta ser\u00e1 proporcionada por nuestra oficina Consular). Este documento debe ser firmado en presencia del C\u00f3nsul General y autenticado por el Consulado.<\/li><li>Carta indicando el nombre completo con el que se registrar\u00e1 el menor en el Tribunal Electoral de Panam\u00e1 (la carta debe estar firmada en presencia del C\u00f3nsul General).<\/li><li>Declaraci\u00f3n del lugar de residencia de los padres en Panam\u00e1, este documento ser\u00e1 emitido por la oficina del corregidor del distrito de residencia de los padres en Panam\u00e1.<\/li><li>Presentar el original de los pasaportes de ambos padres.<\/li><li>Presentar la c\u00e9dula de identidad paname\u00f1a del padre paname\u00f1o.<\/li><\/ol><p>Luego de completar los documentos antes mencionados, el proceso de registro de nacimiento podr\u00e1 ser realizado por cualquiera de los padres o abuelos en Panam\u00e1 sin necesidad de<br \/>cualquier autorizaci\u00f3n.<\/p><p>Si el registro es solicitado por un representante legal, se deber\u00e1 presentar un poder y una solicitud (El Consulado deber\u00e1 autenticar el poder de<br \/>s\u00f3lo abogado).<\/p><p>Para obtener informaci\u00f3n m\u00e1s detallada sobre el proceso mencionado anteriormente, env\u00ede un correo electr\u00f3nico a:<\/p><p><a href=\"mailto:info@panakobeconsulate.jp\"><strong>info@panakobeconsulate.jp<\/strong><\/a><\/p><p>\u00a0<\/p><p>Tambi\u00e9n puedes visitar:\u00a0 <a href=\"https:\/\/www.tribunal-electoral.gob.pa\/direccion-nacional-del-registro-civil\/servicios\/\">www.tribunal-electoral.gob.pa\/direccion-nacional-del-registro-civil\/servicios\/<\/a><\/p>\t\t\t\t\t\t\t\t<\/div>\n\t\t\t\t<\/div>\n\t\t\t\t\t<\/div>\n\t\t<\/div>\n\t\t\t\t\t<\/div>\n\t\t<\/section>\n\t\t\t\t<section class=\"elementor-section elementor-top-section elementor-element elementor-element-3d6281f elementor-section-boxed elementor-section-height-default elementor-section-height-default\" data-id=\"3d6281f\" data-element_type=\"section\" data-e-type=\"section\">\n\t\t\t\t\t\t<div class=\"elementor-container elementor-column-gap-default\">\n\t\t\t\t\t<div class=\"elementor-column elementor-col-100 elementor-top-column elementor-element elementor-element-7aecbdb\" data-id=\"7aecbdb\" data-element_type=\"column\" data-e-type=\"column\">\n\t\t\t<div class=\"elementor-widget-wrap elementor-element-populated\">\n\t\t\t\t\t\t<div class=\"elementor-element elementor-element-ae20cfd elementor-widget__width-initial elementor-invisible elementor-widget elementor-widget-text-editor\" data-id=\"ae20cfd\" data-element_type=\"widget\" data-e-type=\"widget\" data-settings=\"{&quot;_animation&quot;:&quot;fadeInUp&quot;}\" data-widget_type=\"text-editor.default\">\n\t\t\t\t<div class=\"elementor-widget-container\">\n\t\t\t\t\t\t\t\t\t<p><strong>Registro de matrimonio<\/strong><\/p>\t\t\t\t\t\t\t\t<\/div>\n\t\t\t\t<\/div>\n\t\t\t\t<div class=\"elementor-element elementor-element-1d87bb9 elementor-widget__width-initial elementor-invisible elementor-widget elementor-widget-text-editor\" data-id=\"1d87bb9\" data-element_type=\"widget\" data-e-type=\"widget\" data-settings=\"{&quot;_animation&quot;:&quot;fadeInUp&quot;}\" data-widget_type=\"text-editor.default\">\n\t\t\t\t<div class=\"elementor-widget-container\">\n\t\t\t\t\t\t\t\t\t<p>Cualquier matrimonio celebrado dentro de cualquier prefectura del Oeste de Jap\u00f3n podr\u00e1 ser registrado en Panam\u00e1 por el marido o la mujer, o los padres de la pareja, despu\u00e9s de cumplir con los siguientes requisitos:<\/p><ul><li>Acta de Matrimonio original, expedida por la Municipalidad con su sello Apostilla.<\/li><li>Traducci\u00f3n al espa\u00f1ol del Acta de Matrimonio (La traducci\u00f3n debe ser realizada por un traductor p\u00fablico registrado en Panam\u00e1 y tambi\u00e9n se traducir\u00e1 el sello de Apostilla, si se utiliza).<\/li><li>2 copias de la C\u00e9dula Paname\u00f1a o Pasaporte del nacional paname\u00f1o, 2 copias del pasaporte del extranjero solicitante. (si es aplicable)<\/li><\/ul><p>Para obtener informaci\u00f3n m\u00e1s detallada sobre el proceso mencionado anteriormente, env\u00ede un correo electr\u00f3nico a:<\/p><p><a href=\"mailto:info@panakobeconsulate.jp\"><strong>info@panakobeconsulate.jp<\/strong><\/a><\/p><p>\u00a0<\/p>\t\t\t\t\t\t\t\t<\/div>\n\t\t\t\t<\/div>\n\t\t\t\t\t<\/div>\n\t\t<\/div>\n\t\t\t\t\t<\/div>\n\t\t<\/section>\n\t\t\t\t<section class=\"elementor-section elementor-top-section elementor-element elementor-element-d6c7e5a elementor-section-boxed elementor-section-height-default elementor-section-height-default\" data-id=\"d6c7e5a\" data-element_type=\"section\" data-e-type=\"section\">\n\t\t\t\t\t\t<div class=\"elementor-container elementor-column-gap-default\">\n\t\t\t\t\t<div class=\"elementor-column elementor-col-100 elementor-top-column elementor-element elementor-element-078f1e9\" data-id=\"078f1e9\" data-element_type=\"column\" data-e-type=\"column\">\n\t\t\t<div class=\"elementor-widget-wrap elementor-element-populated\">\n\t\t\t\t\t\t<div class=\"elementor-element elementor-element-7a42635 elementor-widget__width-initial elementor-invisible elementor-widget elementor-widget-text-editor\" data-id=\"7a42635\" data-element_type=\"widget\" data-e-type=\"widget\" data-settings=\"{&quot;_animation&quot;:&quot;fadeInUp&quot;}\" data-widget_type=\"text-editor.default\">\n\t\t\t\t<div class=\"elementor-widget-container\">\n\t\t\t\t\t\t\t\t\t<p><strong>Registro de defunci\u00f3n<\/strong><\/p>\t\t\t\t\t\t\t\t<\/div>\n\t\t\t\t<\/div>\n\t\t\t\t<div class=\"elementor-element elementor-element-0e0ac6e elementor-widget__width-initial elementor-invisible elementor-widget elementor-widget-text-editor\" data-id=\"0e0ac6e\" data-element_type=\"widget\" data-e-type=\"widget\" data-settings=\"{&quot;_animation&quot;:&quot;fadeInUp&quot;}\" data-widget_type=\"text-editor.default\">\n\t\t\t\t<div class=\"elementor-widget-container\">\n\t\t\t\t\t\t\t\t\t<p>Cualquier fallecimiento de un ciudadano paname\u00f1o dentro de nuestro circuito consular, podr\u00e1 ser registrado por el esposo, esposa, padre, hijos o cualquier otro familiar cercano del fallecido en Panam\u00e1.<\/p><p>Para obtener m\u00e1s informaci\u00f3n sobre los requisitos y procedimientos necesarios, visite el siguiente sitio web:<\/p><p>S<a style=\"font-size: 1rem;\" href=\"https:\/\/www.tribunal-electoral.gob.pa\/direccion-nacional-del-registro-civil\/servicios\/\" target=\"_blank\" rel=\"noopener\">ervicios \u2013 Tribunal Electoral (tribunal-electoral.gob.pa)<\/a><\/p>\t\t\t\t\t\t\t\t<\/div>\n\t\t\t\t<\/div>\n\t\t\t\t<div class=\"elementor-element elementor-element-eb03266 elementor-widget elementor-widget-spacer\" data-id=\"eb03266\" data-element_type=\"widget\" data-e-type=\"widget\" data-widget_type=\"spacer.default\">\n\t\t\t\t<div class=\"elementor-widget-container\">\n\t\t\t\t\t\t\t<div class=\"elementor-spacer\">\n\t\t\t<div class=\"elementor-spacer-inner\"><\/div>\n\t\t<\/div>\n\t\t\t\t\t\t<\/div>\n\t\t\t\t<\/div>\n\t\t\t\t\t<\/div>\n\t\t<\/div>\n\t\t\t\t\t<\/div>\n\t\t<\/section>\n\t\t\t\t<\/div>","protected":false},"excerpt":{"rendered":"<p>REGISTROS Paname\u00f1os Residentes en el Oeste de Jap\u00f3n Todos los ciudadanos paname\u00f1os residentes en el Oeste de Jap\u00f3n deben registrarse en nuestra Oficina. Este registro facilitar\u00e1 la tarea de nuestra oficina cuando se requiera alguna asistencia en particular para las siguientes gestiones: Renovaci\u00f3n de pasaportes. Notificaci\u00f3n a familiares en Panam\u00e1 en caso de emergencia. \u00bfC\u00f3mo registrarse? Imprima el formulario [\u2026]<\/p>","protected":false},"author":1,"featured_media":0,"parent":0,"menu_order":0,"comment_status":"closed","ping_status":"closed","template":"","meta":{"_uf_show_specific_survey":0,"_uf_disable_surveys":false,"site-sidebar-layout":"no-sidebar","site-content-layout":"","ast-site-content-layout":"full-width-container","site-content-style":"default","site-sidebar-style":"default","ast-global-header-display":"","ast-banner-title-visibility":"","ast-main-header-display":"","ast-hfb-above-header-display":"","ast-hfb-below-header-display":"","ast-hfb-mobile-header-display":"","site-post-title":"disabled","ast-breadcrumbs-content":"","ast-featured-img":"disabled","footer-sml-layout":"","ast-disable-related-posts":"","theme-transparent-header-meta":"","adv-header-id-meta":"","stick-header-meta":"","header-above-stick-meta":"","header-main-stick-meta":"","header-below-stick-meta":"","astra-migrate-meta-layouts":"default","ast-page-background-enabled":"default","ast-page-background-meta":{"desktop":{"background-color":"var(--ast-global-color-4)","background-image":"","background-repeat":"repeat","background-position":"center center","background-size":"auto","background-attachment":"scroll","background-type":"","background-media":"","overlay-type":"","overlay-color":"","overlay-opacity":"","overlay-gradient":""},"tablet":{"background-color":"","background-image":"","background-repeat":"repeat","background-position":"center center","background-size":"auto","background-attachment":"scroll","background-type":"","background-media":"","overlay-type":"","overlay-color":"","overlay-opacity":"","overlay-gradient":""},"mobile":{"background-color":"","background-image":"","background-repeat":"repeat","background-position":"center center","background-size":"auto","background-attachment":"scroll","background-type":"","background-media":"","overlay-type":"","overlay-color":"","overlay-opacity":"","overlay-gradient":""}},"ast-content-background-meta":{"desktop":{"background-color":"var(--ast-global-color-5)","background-image":"","background-repeat":"repeat","background-position":"center center","background-size":"auto","background-attachment":"scroll","background-type":"","background-media":"","overlay-type":"","overlay-color":"","overlay-opacity":"","overlay-gradient":""},"tablet":{"background-color":"var(--ast-global-color-5)","background-image":"","background-repeat":"repeat","background-position":"center center","background-size":"auto","background-attachment":"scroll","background-type":"","background-media":"","overlay-type":"","overlay-color":"","overlay-opacity":"","overlay-gradient":""},"mobile":{"background-color":"var(--ast-global-color-5)","background-image":"","background-repeat":"repeat","background-position":"center center","background-size":"auto","background-attachment":"scroll","background-type":"","background-media":"","overlay-type":"","overlay-color":"","overlay-opacity":"","overlay-gradient":""}},"footnotes":""},"class_list":["post-22","page","type-page","status-publish","hentry"],"yoast_head":"<!-- This site is optimized with the Yoast SEO Premium plugin v26.5 (Yoast SEO v26.5) - https:\/\/yoast.com\/wordpress\/plugins\/seo\/ -->\n<title>Registration - Consulado General de Panama en Kobe, Jap\u00f3n<\/title>\n<meta name=\"robots\" content=\"index, follow, max-snippet:-1, max-image-preview:large, max-video-preview:-1\" \/>\n<link rel=\"canonical\" href=\"https:\/\/panakobeconsulate.jp\/es\/registration\/\" \/>\n<meta property=\"og:locale\" content=\"es_ES\" \/>\n<meta property=\"og:type\" content=\"article\" \/>\n<meta property=\"og:title\" content=\"Registration\" \/>\n<meta property=\"og:description\" content=\"REGISTRATIONS Panamanians Living in Western Japan All Panamanian citizens residing in western Japan must register themselves at ourOffice. This registration will facilitate the task of our office when some assistance isrequired in particular for the following tasks: Renewal of passports. Notification to relatives in Panama in case of an emergency. How to register? Print the [&hellip;]\" \/>\n<meta property=\"og:url\" content=\"https:\/\/panakobeconsulate.jp\/es\/registration\/\" \/>\n<meta property=\"og:site_name\" content=\"Consulado General de Panama en Kobe, Jap\u00f3n\" \/>\n<meta property=\"article:modified_time\" content=\"2024-10-24T22:49:32+00:00\" \/>\n<meta name=\"twitter:card\" content=\"summary_large_image\" \/>\n<meta name=\"twitter:label1\" content=\"Tiempo de lectura\" \/>\n\t<meta name=\"twitter:data1\" content=\"3 minutos\" \/>\n<script type=\"application\/ld+json\" class=\"yoast-schema-graph\">{\"@context\":\"https:\/\/schema.org\",\"@graph\":[{\"@type\":\"WebPage\",\"@id\":\"https:\/\/panakobeconsulate.jp\/registration\/\",\"url\":\"https:\/\/panakobeconsulate.jp\/registration\/\",\"name\":\"Registration - Consulado General de Panama en Kobe, Jap\u00f3n\",\"isPartOf\":{\"@id\":\"https:\/\/panakobeconsulate.jp\/ja\/#website\"},\"datePublished\":\"2023-08-21T00:09:10+00:00\",\"dateModified\":\"2024-10-24T22:49:32+00:00\",\"breadcrumb\":{\"@id\":\"https:\/\/panakobeconsulate.jp\/registration\/#breadcrumb\"},\"inLanguage\":\"es\",\"potentialAction\":[{\"@type\":\"ReadAction\",\"target\":[\"https:\/\/panakobeconsulate.jp\/registration\/\"]}]},{\"@type\":\"BreadcrumbList\",\"@id\":\"https:\/\/panakobeconsulate.jp\/registration\/#breadcrumb\",\"itemListElement\":[{\"@type\":\"ListItem\",\"position\":1,\"name\":\"Portada\",\"item\":\"https:\/\/panakobeconsulate.jp\/ja\/\"},{\"@type\":\"ListItem\",\"position\":2,\"name\":\"Registration\"}]},{\"@type\":\"WebSite\",\"@id\":\"https:\/\/panakobeconsulate.jp\/ja\/#website\",\"url\":\"https:\/\/panakobeconsulate.jp\/ja\/\",\"name\":\"Consulado General de Panama en Kobe, Jap\u00f3n\",\"description\":\"Consulado Panama\",\"publisher\":{\"@id\":\"https:\/\/panakobeconsulate.jp\/ja\/#organization\"},\"potentialAction\":[{\"@type\":\"SearchAction\",\"target\":{\"@type\":\"EntryPoint\",\"urlTemplate\":\"https:\/\/panakobeconsulate.jp\/ja\/?s={search_term_string}\"},\"query-input\":{\"@type\":\"PropertyValueSpecification\",\"valueRequired\":true,\"valueName\":\"search_term_string\"}}],\"inLanguage\":\"es\"},{\"@type\":\"Organization\",\"@id\":\"https:\/\/panakobeconsulate.jp\/ja\/#organization\",\"name\":\"Consulado General de Panama en Kobe, Jap\u00f3n\",\"url\":\"https:\/\/panakobeconsulate.jp\/ja\/\",\"logo\":{\"@type\":\"ImageObject\",\"inLanguage\":\"es\",\"@id\":\"https:\/\/panakobeconsulate.jp\/ja\/#\/schema\/logo\/image\/\",\"url\":\"https:\/\/panakobeconsulate.jp\/wp-content\/uploads\/2023\/08\/LOGO-MINREX-150.png\",\"contentUrl\":\"https:\/\/panakobeconsulate.jp\/wp-content\/uploads\/2023\/08\/LOGO-MINREX-150.png\",\"width\":518,\"height\":150,\"caption\":\"Consulado General de Panama en Kobe, Jap\u00f3n\"},\"image\":{\"@id\":\"https:\/\/panakobeconsulate.jp\/ja\/#\/schema\/logo\/image\/\"}}]}<\/script>\n<!-- \/ Yoast SEO Premium plugin. -->","yoast_head_json":{"title":"Registration - Consulado General de Panama en Kobe, Jap\u00f3n","robots":{"index":"index","follow":"follow","max-snippet":"max-snippet:-1","max-image-preview":"max-image-preview:large","max-video-preview":"max-video-preview:-1"},"canonical":"https:\/\/panakobeconsulate.jp\/es\/registration\/","og_locale":"es_ES","og_type":"article","og_title":"Registration","og_description":"REGISTRATIONS Panamanians Living in Western Japan All Panamanian citizens residing in western Japan must register themselves at ourOffice. This registration will facilitate the task of our office when some assistance isrequired in particular for the following tasks: Renewal of passports. Notification to relatives in Panama in case of an emergency. How to register? Print the [&hellip;]","og_url":"https:\/\/panakobeconsulate.jp\/es\/registration\/","og_site_name":"Consulado General de Panama en Kobe, Jap\u00f3n","article_modified_time":"2024-10-24T22:49:32+00:00","twitter_card":"summary_large_image","twitter_misc":{"Tiempo de lectura":"3 minutos"},"schema":{"@context":"https:\/\/schema.org","@graph":[{"@type":"WebPage","@id":"https:\/\/panakobeconsulate.jp\/registration\/","url":"https:\/\/panakobeconsulate.jp\/registration\/","name":"Registration - Consulado General de Panama en Kobe, Jap\u00f3n","isPartOf":{"@id":"https:\/\/panakobeconsulate.jp\/ja\/#website"},"datePublished":"2023-08-21T00:09:10+00:00","dateModified":"2024-10-24T22:49:32+00:00","breadcrumb":{"@id":"https:\/\/panakobeconsulate.jp\/registration\/#breadcrumb"},"inLanguage":"es","potentialAction":[{"@type":"ReadAction","target":["https:\/\/panakobeconsulate.jp\/registration\/"]}]},{"@type":"BreadcrumbList","@id":"https:\/\/panakobeconsulate.jp\/registration\/#breadcrumb","itemListElement":[{"@type":"ListItem","position":1,"name":"Portada","item":"https:\/\/panakobeconsulate.jp\/ja\/"},{"@type":"ListItem","position":2,"name":"Registration"}]},{"@type":"WebSite","@id":"https:\/\/panakobeconsulate.jp\/ja\/#website","url":"https:\/\/panakobeconsulate.jp\/ja\/","name":"Consulado General de Panama en Kobe, Jap\u00f3n","description":"Consulado Panama","publisher":{"@id":"https:\/\/panakobeconsulate.jp\/ja\/#organization"},"potentialAction":[{"@type":"SearchAction","target":{"@type":"EntryPoint","urlTemplate":"https:\/\/panakobeconsulate.jp\/ja\/?s={search_term_string}"},"query-input":{"@type":"PropertyValueSpecification","valueRequired":true,"valueName":"search_term_string"}}],"inLanguage":"es"},{"@type":"Organization","@id":"https:\/\/panakobeconsulate.jp\/ja\/#organization","name":"Consulado General de Panama en Kobe, Jap\u00f3n","url":"https:\/\/panakobeconsulate.jp\/ja\/","logo":{"@type":"ImageObject","inLanguage":"es","@id":"https:\/\/panakobeconsulate.jp\/ja\/#\/schema\/logo\/image\/","url":"https:\/\/panakobeconsulate.jp\/wp-content\/uploads\/2023\/08\/LOGO-MINREX-150.png","contentUrl":"https:\/\/panakobeconsulate.jp\/wp-content\/uploads\/2023\/08\/LOGO-MINREX-150.png","width":518,"height":150,"caption":"Consulado General de Panama en Kobe, Jap\u00f3n"},"image":{"@id":"https:\/\/panakobeconsulate.jp\/ja\/#\/schema\/logo\/image\/"}}]}},"_links":{"self":[{"href":"https:\/\/panakobeconsulate.jp\/es\/wp-json\/wp\/v2\/pages\/22","targetHints":{"allow":["GET"]}}],"collection":[{"href":"https:\/\/panakobeconsulate.jp\/es\/wp-json\/wp\/v2\/pages"}],"about":[{"href":"https:\/\/panakobeconsulate.jp\/es\/wp-json\/wp\/v2\/types\/page"}],"author":[{"embeddable":true,"href":"https:\/\/panakobeconsulate.jp\/es\/wp-json\/wp\/v2\/users\/1"}],"replies":[{"embeddable":true,"href":"https:\/\/panakobeconsulate.jp\/es\/wp-json\/wp\/v2\/comments?post=22"}],"version-history":[{"count":16,"href":"https:\/\/panakobeconsulate.jp\/es\/wp-json\/wp\/v2\/pages\/22\/revisions"}],"predecessor-version":[{"id":2826,"href":"https:\/\/panakobeconsulate.jp\/es\/wp-json\/wp\/v2\/pages\/22\/revisions\/2826"}],"wp:attachment":[{"href":"https:\/\/panakobeconsulate.jp\/es\/wp-json\/wp\/v2\/media?parent=22"}],"curies":[{"name":"wp","href":"https:\/\/api.w.org\/{rel}","templated":true}]}}